{"id":138,"date":"2022-03-29T21:19:38","date_gmt":"2022-03-29T21:19:38","guid":{"rendered":"https:\/\/www.aula95.me\/?page_id=138"},"modified":"2025-07-03T20:32:11","modified_gmt":"2025-07-03T20:32:11","slug":"yhteystiedot","status":"publish","type":"page","link":"https:\/\/www.aula95.me\/?page_id=138","title":{"rendered":"Yhteystiedot"},"content":{"rendered":"\n<p class=\"has-drop-cap\">Minut tavoittaa osoitteesta:<\/p>\n\n\n\n<p>inna.lisko(at)gmail.com<\/p>\n\n\n\n<p><\/p>\n\n\n\n<p class=\"has-drop-cap\">Tutkimukseen \/ asiantuntijuuteen \/ yhteisty\u00f6h\u00f6n liittyen voi lis\u00e4ksi ottaa yhteytt\u00e4:<\/p>\n\n\n\n<p>inna.lisko(at)uef.fi<\/p>\n","protected":false},"excerpt":{"rendered":"<p>Minut tavoittaa osoitteesta: inna.lisko(at)gmail.com Tutkimukseen \/ asiantuntijuuteen \/ yhteisty\u00f6h\u00f6n liittyen voi lis\u00e4ksi ottaa yhteytt\u00e4: inna.lisko(at)uef.fi<\/p>\n","protected":false},"author":1,"featured_media":247,"parent":0,"menu_order":0,"comment_status":"closed","ping_status":"closed","template":"","meta":{"_uag_custom_page_level_css":"","footnotes":""},"class_list":["post-138","page","type-page","status-publish","has-post-thumbnail","hentry"],"yoast_head":"<!-- This site is optimized with the Yoast SEO plugin v25.6 - https:\/\/yoast.com\/wordpress\/plugins\/seo\/ -->\n<title>Yhteystiedot - Aula 95<\/title>\n<meta name=\"robots\" content=\"index, follow, max-snippet:-1, max-image-preview:large, max-video-preview:-1\" \/>\n<link rel=\"canonical\" href=\"https:\/\/www.aula95.me\/?page_id=138\" \/>\n<meta property=\"og:locale\" content=\"fi_FI\" \/>\n<meta property=\"og:type\" content=\"article\" \/>\n<meta property=\"og:title\" content=\"Yhteystiedot - Aula 95\" \/>\n<meta property=\"og:description\" content=\"Minut tavoittaa osoitteesta: inna.lisko(at)gmail.com Tutkimukseen \/ asiantuntijuuteen \/ yhteisty\u00f6h\u00f6n liittyen voi lis\u00e4ksi ottaa yhteytt\u00e4: inna.lisko(at)uef.fi\" \/>\n<meta property=\"og:url\" content=\"https:\/\/www.aula95.me\/?page_id=138\" \/>\n<meta property=\"og:site_name\" content=\"Aula 95\" \/>\n<meta property=\"article:modified_time\" content=\"2025-07-03T20:32:11+00:00\" \/>\n<meta property=\"og:image\" content=\"https:\/\/mlcacrgqmoso.i.optimole.com\/w:auto\/h:auto\/q:mauto\/ig:avif\/http:\/\/www.aula95.me\/wp-content\/uploads\/2022\/03\/Inna-Lisko-Jyvaskyla-syksy-2021-Kuva-Maria-Hamalainen-scaled.jpg\" \/>\n\t<meta property=\"og:image:width\" content=\"2560\" \/>\n\t<meta property=\"og:image:height\" content=\"1767\" \/>\n\t<meta property=\"og:image:type\" content=\"image\/jpeg\" \/>\n<meta name=\"twitter:card\" content=\"summary_large_image\" \/>\n<meta name=\"twitter:label1\" content=\"Arvioitu lukuaika\" \/>\n\t<meta name=\"twitter:data1\" content=\"1 minuutti\" \/>\n<script type=\"application\/ld+json\" class=\"yoast-schema-graph\">{\"@context\":\"https:\/\/schema.org\",\"@graph\":[{\"@type\":\"WebPage\",\"@id\":\"https:\/\/www.aula95.me\/?page_id=138\",\"url\":\"https:\/\/www.aula95.me\/?page_id=138\",\"name\":\"Yhteystiedot - Aula 95\",\"isPartOf\":{\"@id\":\"https:\/\/www.aula95.me\/#website\"},\"primaryImageOfPage\":{\"@id\":\"https:\/\/www.aula95.me\/?page_id=138#primaryimage\"},\"image\":{\"@id\":\"https:\/\/www.aula95.me\/?page_id=138#primaryimage\"},\"thumbnailUrl\":\"https:\/\/mlcacrgqmoso.i.optimole.com\/w:auto\/h:auto\/q:mauto\/ig:avif\/https:\/\/www.aula95.me\/wp-content\/uploads\/2022\/03\/Inna-Lisko-Jyvaskyla-syksy-2021-Kuva-Maria-Hamalainen-scaled.jpg\",\"datePublished\":\"2022-03-29T21:19:38+00:00\",\"dateModified\":\"2025-07-03T20:32:11+00:00\",\"breadcrumb\":{\"@id\":\"https:\/\/www.aula95.me\/?page_id=138#breadcrumb\"},\"inLanguage\":\"fi\",\"potentialAction\":[{\"@type\":\"ReadAction\",\"target\":[\"https:\/\/www.aula95.me\/?page_id=138\"]}]},{\"@type\":\"ImageObject\",\"inLanguage\":\"fi\",\"@id\":\"https:\/\/www.aula95.me\/?page_id=138#primaryimage\",\"url\":\"https:\/\/mlcacrgqmoso.i.optimole.com\/w:auto\/h:auto\/q:mauto\/ig:avif\/https:\/\/www.aula95.me\/wp-content\/uploads\/2022\/03\/Inna-Lisko-Jyvaskyla-syksy-2021-Kuva-Maria-Hamalainen-scaled.jpg\",\"contentUrl\":\"https:\/\/mlcacrgqmoso.i.optimole.com\/w:auto\/h:auto\/q:mauto\/ig:avif\/https:\/\/www.aula95.me\/wp-content\/uploads\/2022\/03\/Inna-Lisko-Jyvaskyla-syksy-2021-Kuva-Maria-Hamalainen-scaled.jpg\",\"width\":2560,\"height\":1767,\"caption\":\"Inna Lisko Seminaarinm\u00e4ell\u00e4 Jyv\u00e4skyl\u00e4ss\u00e4 tiede ja taide mieless\u00e4\u00e4n. Kuva: Maria H\u00e4m\u00e4l\u00e4inen\"},{\"@type\":\"BreadcrumbList\",\"@id\":\"https:\/\/www.aula95.me\/?page_id=138#breadcrumb\",\"itemListElement\":[{\"@type\":\"ListItem\",\"position\":1,\"name\":\"Etusivu\",\"item\":\"https:\/\/www.aula95.me\/\"},{\"@type\":\"ListItem\",\"position\":2,\"name\":\"Yhteystiedot\"}]},{\"@type\":\"WebSite\",\"@id\":\"https:\/\/www.aula95.me\/#website\",\"url\":\"https:\/\/www.aula95.me\/\",\"name\":\"Aula 95\",\"description\":\"Blogi &amp; lava\",\"publisher\":{\"@id\":\"https:\/\/www.aula95.me\/#organization\"},\"potentialAction\":[{\"@type\":\"SearchAction\",\"target\":{\"@type\":\"EntryPoint\",\"urlTemplate\":\"https:\/\/www.aula95.me\/?s={search_term_string}\"},\"query-input\":{\"@type\":\"PropertyValueSpecification\",\"valueRequired\":true,\"valueName\":\"search_term_string\"}}],\"inLanguage\":\"fi\"},{\"@type\":\"Organization\",\"@id\":\"https:\/\/www.aula95.me\/#organization\",\"name\":\"Aula 95\",\"url\":\"https:\/\/www.aula95.me\/\",\"logo\":{\"@type\":\"ImageObject\",\"inLanguage\":\"fi\",\"@id\":\"https:\/\/www.aula95.me\/#\/schema\/logo\/image\/\",\"url\":\"https:\/\/mlcacrgqmoso.i.optimole.com\/w:auto\/h:auto\/q:mauto\/ig:avif\/https:\/\/www.aula95.me\/wp-content\/uploads\/2022\/03\/Aula-95-Logo-2022-03-27-1.png\",\"contentUrl\":\"https:\/\/mlcacrgqmoso.i.optimole.com\/w:auto\/h:auto\/q:mauto\/ig:avif\/https:\/\/www.aula95.me\/wp-content\/uploads\/2022\/03\/Aula-95-Logo-2022-03-27-1.png\",\"width\":290,\"height\":172,\"caption\":\"Aula 95\"},\"image\":{\"@id\":\"https:\/\/www.aula95.me\/#\/schema\/logo\/image\/\"}}]}<\/script>\n<!-- \/ Yoast SEO plugin. -->","yoast_head_json":{"title":"Yhteystiedot - Aula 95","robots":{"index":"index","follow":"follow","max-snippet":"max-snippet:-1","max-image-preview":"max-image-preview:large","max-video-preview":"max-video-preview:-1"},"canonical":"https:\/\/www.aula95.me\/?page_id=138","og_locale":"fi_FI","og_type":"article","og_title":"Yhteystiedot - Aula 95","og_description":"Minut tavoittaa osoitteesta: inna.lisko(at)gmail.com Tutkimukseen \/ asiantuntijuuteen \/ yhteisty\u00f6h\u00f6n liittyen voi lis\u00e4ksi ottaa yhteytt\u00e4: inna.lisko(at)uef.fi","og_url":"https:\/\/www.aula95.me\/?page_id=138","og_site_name":"Aula 95","article_modified_time":"2025-07-03T20:32:11+00:00","og_image":[{"width":2560,"height":1767,"url":"https:\/\/mlcacrgqmoso.i.optimole.com\/w:auto\/h:auto\/q:mauto\/ig:avif\/http:\/\/www.aula95.me\/wp-content\/uploads\/2022\/03\/Inna-Lisko-Jyvaskyla-syksy-2021-Kuva-Maria-Hamalainen-scaled.jpg","type":"image\/jpeg"}],"twitter_card":"summary_large_image","twitter_misc":{"Arvioitu lukuaika":"1 minuutti"},"schema":{"@context":"https:\/\/schema.org","@graph":[{"@type":"WebPage","@id":"https:\/\/www.aula95.me\/?page_id=138","url":"https:\/\/www.aula95.me\/?page_id=138","name":"Yhteystiedot - Aula 95","isPartOf":{"@id":"https:\/\/www.aula95.me\/#website"},"primaryImageOfPage":{"@id":"https:\/\/www.aula95.me\/?page_id=138#primaryimage"},"image":{"@id":"https:\/\/www.aula95.me\/?page_id=138#primaryimage"},"thumbnailUrl":"https:\/\/mlcacrgqmoso.i.optimole.com\/w:auto\/h:auto\/q:mauto\/ig:avif\/https:\/\/www.aula95.me\/wp-content\/uploads\/2022\/03\/Inna-Lisko-Jyvaskyla-syksy-2021-Kuva-Maria-Hamalainen-scaled.jpg","datePublished":"2022-03-29T21:19:38+00:00","dateModified":"2025-07-03T20:32:11+00:00","breadcrumb":{"@id":"https:\/\/www.aula95.me\/?page_id=138#breadcrumb"},"inLanguage":"fi","potentialAction":[{"@type":"ReadAction","target":["https:\/\/www.aula95.me\/?page_id=138"]}]},{"@type":"ImageObject","inLanguage":"fi","@id":"https:\/\/www.aula95.me\/?page_id=138#primaryimage","url":"https:\/\/mlcacrgqmoso.i.optimole.com\/w:auto\/h:auto\/q:mauto\/ig:avif\/https:\/\/www.aula95.me\/wp-content\/uploads\/2022\/03\/Inna-Lisko-Jyvaskyla-syksy-2021-Kuva-Maria-Hamalainen-scaled.jpg","contentUrl":"https:\/\/mlcacrgqmoso.i.optimole.com\/w:auto\/h:auto\/q:mauto\/ig:avif\/https:\/\/www.aula95.me\/wp-content\/uploads\/2022\/03\/Inna-Lisko-Jyvaskyla-syksy-2021-Kuva-Maria-Hamalainen-scaled.jpg","width":2560,"height":1767,"caption":"Inna Lisko Seminaarinm\u00e4ell\u00e4 Jyv\u00e4skyl\u00e4ss\u00e4 tiede ja taide mieless\u00e4\u00e4n. Kuva: Maria H\u00e4m\u00e4l\u00e4inen"},{"@type":"BreadcrumbList","@id":"https:\/\/www.aula95.me\/?page_id=138#breadcrumb","itemListElement":[{"@type":"ListItem","position":1,"name":"Etusivu","item":"https:\/\/www.aula95.me\/"},{"@type":"ListItem","position":2,"name":"Yhteystiedot"}]},{"@type":"WebSite","@id":"https:\/\/www.aula95.me\/#website","url":"https:\/\/www.aula95.me\/","name":"Aula 95","description":"Blogi &amp; lava","publisher":{"@id":"https:\/\/www.aula95.me\/#organization"},"potentialAction":[{"@type":"SearchAction","target":{"@type":"EntryPoint","urlTemplate":"https:\/\/www.aula95.me\/?s={search_term_string}"},"query-input":{"@type":"PropertyValueSpecification","valueRequired":true,"valueName":"search_term_string"}}],"inLanguage":"fi"},{"@type":"Organization","@id":"https:\/\/www.aula95.me\/#organization","name":"Aula 95","url":"https:\/\/www.aula95.me\/","logo":{"@type":"ImageObject","inLanguage":"fi","@id":"https:\/\/www.aula95.me\/#\/schema\/logo\/image\/","url":"https:\/\/mlcacrgqmoso.i.optimole.com\/w:auto\/h:auto\/q:mauto\/ig:avif\/https:\/\/www.aula95.me\/wp-content\/uploads\/2022\/03\/Aula-95-Logo-2022-03-27-1.png","contentUrl":"https:\/\/mlcacrgqmoso.i.optimole.com\/w:auto\/h:auto\/q:mauto\/ig:avif\/https:\/\/www.aula95.me\/wp-content\/uploads\/2022\/03\/Aula-95-Logo-2022-03-27-1.png","width":290,"height":172,"caption":"Aula 95"},"image":{"@id":"https:\/\/www.aula95.me\/#\/schema\/logo\/image\/"}}]}},"uagb_featured_image_src":{"full":["https:\/\/mlcacrgqmoso.i.optimole.com\/w:auto\/h:auto\/q:mauto\/ig:avif\/https:\/\/www.aula95.me\/wp-content\/uploads\/2022\/03\/Inna-Lisko-Jyvaskyla-syksy-2021-Kuva-Maria-Hamalainen-scaled.jpg",2560,1767,false],"thumbnail":["https:\/\/mlcacrgqmoso.i.optimole.com\/w:auto\/h:auto\/q:mauto\/ig:avif\/https:\/\/www.aula95.me\/wp-content\/uploads\/2022\/03\/Inna-Lisko-Jyvaskyla-syksy-2021-Kuva-Maria-Hamalainen-scaled.jpg",150,104,false],"medium":["https:\/\/mlcacrgqmoso.i.optimole.com\/w:auto\/h:auto\/q:mauto\/ig:avif\/https:\/\/www.aula95.me\/wp-content\/uploads\/2022\/03\/Inna-Lisko-Jyvaskyla-syksy-2021-Kuva-Maria-Hamalainen-scaled.jpg",300,207,false],"medium_large":["https:\/\/mlcacrgqmoso.i.optimole.com\/w:auto\/h:auto\/q:mauto\/ig:avif\/https:\/\/www.aula95.me\/wp-content\/uploads\/2022\/03\/Inna-Lisko-Jyvaskyla-syksy-2021-Kuva-Maria-Hamalainen-scaled.jpg",768,530,false],"large":["https:\/\/mlcacrgqmoso.i.optimole.com\/w:auto\/h:auto\/q:mauto\/ig:avif\/https:\/\/www.aula95.me\/wp-content\/uploads\/2022\/03\/Inna-Lisko-Jyvaskyla-syksy-2021-Kuva-Maria-Hamalainen-scaled.jpg",960,663,false],"1536x1536":["https:\/\/mlcacrgqmoso.i.optimole.com\/w:auto\/h:auto\/q:mauto\/ig:avif\/https:\/\/www.aula95.me\/wp-content\/uploads\/2022\/03\/Inna-Lisko-Jyvaskyla-syksy-2021-Kuva-Maria-Hamalainen-scaled.jpg",1536,1060,false],"2048x2048":["https:\/\/mlcacrgqmoso.i.optimole.com\/w:auto\/h:auto\/q:mauto\/ig:avif\/https:\/\/www.aula95.me\/wp-content\/uploads\/2022\/03\/Inna-Lisko-Jyvaskyla-syksy-2021-Kuva-Maria-Hamalainen-scaled.jpg",2048,1414,false],"ashe-slider-grid-thumbnail":["https:\/\/mlcacrgqmoso.i.optimole.com\/w:auto\/h:auto\/q:mauto\/ig:avif\/https:\/\/www.aula95.me\/wp-content\/uploads\/2022\/03\/Inna-Lisko-Jyvaskyla-syksy-2021-Kuva-Maria-Hamalainen-scaled.jpg",782,540,false],"ashe-full-thumbnail":["https:\/\/mlcacrgqmoso.i.optimole.com\/w:auto\/h:auto\/q:mauto\/ig:avif\/https:\/\/www.aula95.me\/wp-content\/uploads\/2022\/03\/Inna-Lisko-Jyvaskyla-syksy-2021-Kuva-Maria-Hamalainen-scaled.jpg",1140,787,false],"ashe-grid-thumbnail":["https:\/\/mlcacrgqmoso.i.optimole.com\/w:auto\/h:auto\/q:mauto\/ig:avif\/https:\/\/www.aula95.me\/wp-content\/uploads\/2022\/03\/Inna-Lisko-Jyvaskyla-syksy-2021-Kuva-Maria-Hamalainen-scaled.jpg",478,330,false],"ashe-list-thumbnail":["https:\/\/mlcacrgqmoso.i.optimole.com\/w:auto\/h:auto\/q:mauto\/ig:avif\/https:\/\/www.aula95.me\/wp-content\/uploads\/2022\/03\/Inna-Lisko-Jyvaskyla-syksy-2021-Kuva-Maria-Hamalainen-scaled.jpg",300,207,false],"ashe-single-navigation":["https:\/\/mlcacrgqmoso.i.optimole.com\/w:auto\/h:auto\/q:mauto\/ig:avif\/https:\/\/www.aula95.me\/wp-content\/uploads\/2022\/03\/Inna-Lisko-Jyvaskyla-syksy-2021-Kuva-Maria-Hamalainen-scaled.jpg",75,52,false]},"uagb_author_info":{"display_name":"Inna","author_link":"https:\/\/www.aula95.me\/?author=1"},"uagb_comment_info":0,"uagb_excerpt":"Minut tavoittaa osoitteesta: inna.lisko(at)gmail.com Tutkimukseen \/ asiantuntijuuteen \/ yhteisty\u00f6h\u00f6n liittyen voi lis\u00e4ksi ottaa yhteytt\u00e4: inna.lisko(at)uef.fi","acf":[],"jetpack_sharing_enabled":true,"_links":{"self":[{"href":"https:\/\/www.aula95.me\/index.php?rest_route=\/wp\/v2\/pages\/138"}],"collection":[{"href":"https:\/\/www.aula95.me\/index.php?rest_route=\/wp\/v2\/pages"}],"about":[{"href":"https:\/\/www.aula95.me\/index.php?rest_route=\/wp\/v2\/types\/page"}],"author":[{"embeddable":true,"href":"https:\/\/www.aula95.me\/index.php?rest_route=\/wp\/v2\/users\/1"}],"replies":[{"embeddable":true,"href":"https:\/\/www.aula95.me\/index.php?rest_route=%2Fwp%2Fv2%2Fcomments&post=138"}],"version-history":[{"count":9,"href":"https:\/\/www.aula95.me\/index.php?rest_route=\/wp\/v2\/pages\/138\/revisions"}],"predecessor-version":[{"id":718,"href":"https:\/\/www.aula95.me\/index.php?rest_route=\/wp\/v2\/pages\/138\/revisions\/718"}],"wp:featuredmedia":[{"embeddable":true,"href":"https:\/\/www.aula95.me\/index.php?rest_route=\/wp\/v2\/media\/247"}],"wp:attachment":[{"href":"https:\/\/www.aula95.me\/index.php?rest_route=%2Fwp%2Fv2%2Fmedia&parent=138"}],"curies":[{"name":"wp","href":"https:\/\/api.w.org\/{rel}","templated":true}]}}