{"id":2,"date":"2021-12-29T00:14:53","date_gmt":"2021-12-29T00:14:53","guid":{"rendered":"http:\/\/www.aula95.me\/?page_id=2"},"modified":"2022-04-15T11:54:20","modified_gmt":"2022-04-15T11:54:20","slug":"lava","status":"publish","type":"page","link":"https:\/\/www.aula95.me\/?page_id=2","title":{"rendered":"Lava"},"content":{"rendered":"\n<p class=\"has-text-align-center\"><em>Aula soi Inna Liskon s\u00e4velin.<\/em><\/p>\n\n\n\n<p class=\"has-text-align-center\"><\/p>\n\n\n\n<p class=\"has-text-align-center\">Seuraavassa on n\u00e4ht\u00e4vill\u00e4 ja kuultavissa Inna Liskon omaa musiikkia.<\/p>\n\n\n\n<h2 class=\"has-text-align-center wp-block-heading\">My Dance With the Raindrops<\/h2>\n\n\n\n<p class=\"has-text-align-center\">S\u00e4v. &amp; san. Inna Lisko<\/p>\n\n\n\n<figure class=\"wp-block-embed alignfull is-type-rich is-provider-soundcloud wp-block-embed-soundcloud\"><div class=\"wp-block-embed__wrapper\">\n<iframe title=\"My Dance with the Raindrops by Inna Lisko\" width=\"960\" height=\"400\" scrolling=\"no\" frameborder=\"no\" src=\"https:\/\/w.soundcloud.com\/player\/?visual=true&#038;url=https%3A%2F%2Fapi.soundcloud.com%2Ftracks%2F737932996&#038;show_artwork=true&#038;maxheight=1000&#038;maxwidth=960\"><\/iframe>\n<\/div><\/figure>\n\n\n\n<p class=\"has-text-align-center\"><em>The years have passed me by<br>I sip my drink and try to smile<br>What did go wrong?<br>Did I wait too long<br>To get to dance with the raindrops<br>My heart and I?<\/em><\/p>\n\n\n\n<p class=\"has-text-align-center\"><em>One autumn leaf after another<br>One shimmering snowflake after another<br>I see my dreams drifting away<br>Leaving me pretending everything\u2019s okay<\/em><\/p>\n\n\n\n<p class=\"has-text-align-center\"><em>What should it take?<br>How hard could it be<br>To take the steps needed<br>To fill the place unseated?<\/em><\/p>\n\n\n\n<p class=\"has-text-align-center\"><em>How fool can I be<br>That I just don\u2019t see<br>How to untie these knots<br>Combine the obvious dots?<\/em><\/p>\n\n\n\n<p class=\"has-text-align-center\"><em>I take a walk outside<br>The cool air sweeps my mind<br>I stare at the mist<br>And deep inside insist<br>That some day<br>I\u2019ll have my dance with the raindrops<br>My heart and I<br>My heart and I<br>My heart and I<\/em><\/p>\n\n\n\n<p class=\"has-text-align-center\">~~~<\/p>\n\n\n\n<p class=\"has-text-align-center\">Julkaistu SoundCloudissa 2020<\/p>\n\n\n\n<p><\/p>\n","protected":false},"excerpt":{"rendered":"<p>Aula soi Inna Liskon s\u00e4velin. Seuraavassa on n\u00e4ht\u00e4vill\u00e4 ja kuultavissa Inna Liskon omaa musiikkia. My Dance With the Raindrops S\u00e4v. &amp; san. Inna Lisko The years have passed me byI sip my drink and try to smileWhat did go wrong?Did I wait too longTo get to dance with the raindropsMy heart and I? One autumn leaf after anotherOne shimmering snowflake after anotherI see my dreams drifting awayLeaving me pretending everything\u2019s okay What should it take?How hard could it beTo take the steps neededTo fill the place unseated? How fool can I beThat I just don\u2019t seeHow to untie these knotsCombine the obvious dots? I take a walk outsideThe cool air sweeps my mindI stare at the mistAnd deep inside insistThat some dayI\u2019ll have my dance with the raindropsMy heart and IMy heart and IMy heart and I ~~~ Julkaistu SoundCloudissa 2020<\/p>\n","protected":false},"author":1,"featured_media":252,"parent":0,"menu_order":0,"comment_status":"closed","ping_status":"closed","template":"","meta":{"_uag_custom_page_level_css":"","footnotes":""},"class_list":["post-2","page","type-page","status-publish","has-post-thumbnail","hentry"],"yoast_head":"<!-- This site is optimized with the Yoast SEO plugin v25.6 - https:\/\/yoast.com\/wordpress\/plugins\/seo\/ -->\n<title>Lava - Aula 95<\/title>\n<meta name=\"description\" content=\"Sivuston Aula 95 &quot;lava&quot;. Laulava tohtori, tutkijatohtori Inna Lisko, esittelee aika ajoin omia s\u00e4vellyksi\u00e4\/sanoituksia\/musiikkituotoksiaan.\" \/>\n<meta name=\"robots\" content=\"index, follow, max-snippet:-1, max-image-preview:large, max-video-preview:-1\" \/>\n<link rel=\"canonical\" href=\"https:\/\/www.aula95.me\/?page_id=2\" \/>\n<meta property=\"og:locale\" content=\"fi_FI\" \/>\n<meta property=\"og:type\" content=\"article\" \/>\n<meta property=\"og:title\" content=\"Lava - Aula 95\" \/>\n<meta property=\"og:description\" content=\"Sivuston Aula 95 &quot;lava&quot;. Laulava tohtori, tutkijatohtori Inna Lisko, esittelee aika ajoin omia s\u00e4vellyksi\u00e4\/sanoituksia\/musiikkituotoksiaan.\" \/>\n<meta property=\"og:url\" content=\"https:\/\/www.aula95.me\/?page_id=2\" \/>\n<meta property=\"og:site_name\" content=\"Aula 95\" \/>\n<meta property=\"article:modified_time\" content=\"2022-04-15T11:54:20+00:00\" \/>\n<meta property=\"og:image\" content=\"https:\/\/mlcacrgqmoso.i.optimole.com\/w:auto\/h:auto\/q:mauto\/ig:avif\/https:\/\/www.aula95.me\/wp-content\/uploads\/2022\/03\/Talvipuutarhaan-Inna-Lisko-Kuvaaja-Rumi-Kozakai-scaled-e1648581694629.jpg\" \/>\n\t<meta property=\"og:image:width\" content=\"2560\" \/>\n\t<meta property=\"og:image:height\" content=\"1324\" \/>\n\t<meta property=\"og:image:type\" content=\"image\/jpeg\" \/>\n<meta name=\"twitter:card\" content=\"summary_large_image\" \/>\n<meta name=\"twitter:label1\" content=\"Arvioitu lukuaika\" \/>\n\t<meta name=\"twitter:data1\" content=\"2 minuuttia\" \/>\n<script type=\"application\/ld+json\" class=\"yoast-schema-graph\">{\"@context\":\"https:\/\/schema.org\",\"@graph\":[{\"@type\":\"WebPage\",\"@id\":\"https:\/\/www.aula95.me\/?page_id=2\",\"url\":\"https:\/\/www.aula95.me\/?page_id=2\",\"name\":\"Lava - Aula 95\",\"isPartOf\":{\"@id\":\"https:\/\/www.aula95.me\/#website\"},\"primaryImageOfPage\":{\"@id\":\"https:\/\/www.aula95.me\/?page_id=2#primaryimage\"},\"image\":{\"@id\":\"https:\/\/www.aula95.me\/?page_id=2#primaryimage\"},\"thumbnailUrl\":\"https:\/\/mlcacrgqmoso.i.optimole.com\/w:auto\/h:auto\/q:mauto\/ig:avif\/https:\/\/www.aula95.me\/wp-content\/uploads\/2022\/03\/Talvipuutarhaan-Inna-Lisko-Kuvaaja-Rumi-Kozakai-scaled-e1648581694629.jpg\",\"datePublished\":\"2021-12-29T00:14:53+00:00\",\"dateModified\":\"2022-04-15T11:54:20+00:00\",\"description\":\"Sivuston Aula 95 \\\"lava\\\". Laulava tohtori, tutkijatohtori Inna Lisko, esittelee aika ajoin omia s\u00e4vellyksi\u00e4\/sanoituksia\/musiikkituotoksiaan.\",\"breadcrumb\":{\"@id\":\"https:\/\/www.aula95.me\/?page_id=2#breadcrumb\"},\"inLanguage\":\"fi\",\"potentialAction\":[{\"@type\":\"ReadAction\",\"target\":[\"https:\/\/www.aula95.me\/?page_id=2\"]}]},{\"@type\":\"ImageObject\",\"inLanguage\":\"fi\",\"@id\":\"https:\/\/www.aula95.me\/?page_id=2#primaryimage\",\"url\":\"https:\/\/mlcacrgqmoso.i.optimole.com\/w:auto\/h:auto\/q:mauto\/ig:avif\/https:\/\/www.aula95.me\/wp-content\/uploads\/2022\/03\/Talvipuutarhaan-Inna-Lisko-Kuvaaja-Rumi-Kozakai-scaled-e1648581694629.jpg\",\"contentUrl\":\"https:\/\/mlcacrgqmoso.i.optimole.com\/w:auto\/h:auto\/q:mauto\/ig:avif\/https:\/\/www.aula95.me\/wp-content\/uploads\/2022\/03\/Talvipuutarhaan-Inna-Lisko-Kuvaaja-Rumi-Kozakai-scaled-e1648581694629.jpg\",\"width\":2560,\"height\":1324,\"caption\":\"Talvipuutarhaan: Inna Lisko pop\/jazz-laulun tutkintokonsertissaan Jyv\u00e4skyl\u00e4n Popparissa. Kuva: Rumi Kozakai\"},{\"@type\":\"BreadcrumbList\",\"@id\":\"https:\/\/www.aula95.me\/?page_id=2#breadcrumb\",\"itemListElement\":[{\"@type\":\"ListItem\",\"position\":1,\"name\":\"Etusivu\",\"item\":\"https:\/\/www.aula95.me\/\"},{\"@type\":\"ListItem\",\"position\":2,\"name\":\"Lava\"}]},{\"@type\":\"WebSite\",\"@id\":\"https:\/\/www.aula95.me\/#website\",\"url\":\"https:\/\/www.aula95.me\/\",\"name\":\"Aula 95\",\"description\":\"Blogi &amp; lava\",\"publisher\":{\"@id\":\"https:\/\/www.aula95.me\/#organization\"},\"potentialAction\":[{\"@type\":\"SearchAction\",\"target\":{\"@type\":\"EntryPoint\",\"urlTemplate\":\"https:\/\/www.aula95.me\/?s={search_term_string}\"},\"query-input\":{\"@type\":\"PropertyValueSpecification\",\"valueRequired\":true,\"valueName\":\"search_term_string\"}}],\"inLanguage\":\"fi\"},{\"@type\":\"Organization\",\"@id\":\"https:\/\/www.aula95.me\/#organization\",\"name\":\"Aula 95\",\"url\":\"https:\/\/www.aula95.me\/\",\"logo\":{\"@type\":\"ImageObject\",\"inLanguage\":\"fi\",\"@id\":\"https:\/\/www.aula95.me\/#\/schema\/logo\/image\/\",\"url\":\"https:\/\/mlcacrgqmoso.i.optimole.com\/w:auto\/h:auto\/q:mauto\/ig:avif\/https:\/\/www.aula95.me\/wp-content\/uploads\/2022\/03\/Aula-95-Logo-2022-03-27-1.png\",\"contentUrl\":\"https:\/\/mlcacrgqmoso.i.optimole.com\/w:auto\/h:auto\/q:mauto\/ig:avif\/https:\/\/www.aula95.me\/wp-content\/uploads\/2022\/03\/Aula-95-Logo-2022-03-27-1.png\",\"width\":290,\"height\":172,\"caption\":\"Aula 95\"},\"image\":{\"@id\":\"https:\/\/www.aula95.me\/#\/schema\/logo\/image\/\"}}]}<\/script>\n<!-- \/ Yoast SEO plugin. -->","yoast_head_json":{"title":"Lava - Aula 95","description":"Sivuston Aula 95 \"lava\". Laulava tohtori, tutkijatohtori Inna Lisko, esittelee aika ajoin omia s\u00e4vellyksi\u00e4\/sanoituksia\/musiikkituotoksiaan.","robots":{"index":"index","follow":"follow","max-snippet":"max-snippet:-1","max-image-preview":"max-image-preview:large","max-video-preview":"max-video-preview:-1"},"canonical":"https:\/\/www.aula95.me\/?page_id=2","og_locale":"fi_FI","og_type":"article","og_title":"Lava - Aula 95","og_description":"Sivuston Aula 95 \"lava\". Laulava tohtori, tutkijatohtori Inna Lisko, esittelee aika ajoin omia s\u00e4vellyksi\u00e4\/sanoituksia\/musiikkituotoksiaan.","og_url":"https:\/\/www.aula95.me\/?page_id=2","og_site_name":"Aula 95","article_modified_time":"2022-04-15T11:54:20+00:00","og_image":[{"width":2560,"height":1324,"url":"https:\/\/mlcacrgqmoso.i.optimole.com\/w:auto\/h:auto\/q:mauto\/ig:avif\/https:\/\/www.aula95.me\/wp-content\/uploads\/2022\/03\/Talvipuutarhaan-Inna-Lisko-Kuvaaja-Rumi-Kozakai-scaled-e1648581694629.jpg","type":"image\/jpeg"}],"twitter_card":"summary_large_image","twitter_misc":{"Arvioitu lukuaika":"2 minuuttia"},"schema":{"@context":"https:\/\/schema.org","@graph":[{"@type":"WebPage","@id":"https:\/\/www.aula95.me\/?page_id=2","url":"https:\/\/www.aula95.me\/?page_id=2","name":"Lava - Aula 95","isPartOf":{"@id":"https:\/\/www.aula95.me\/#website"},"primaryImageOfPage":{"@id":"https:\/\/www.aula95.me\/?page_id=2#primaryimage"},"image":{"@id":"https:\/\/www.aula95.me\/?page_id=2#primaryimage"},"thumbnailUrl":"https:\/\/mlcacrgqmoso.i.optimole.com\/w:auto\/h:auto\/q:mauto\/ig:avif\/https:\/\/www.aula95.me\/wp-content\/uploads\/2022\/03\/Talvipuutarhaan-Inna-Lisko-Kuvaaja-Rumi-Kozakai-scaled-e1648581694629.jpg","datePublished":"2021-12-29T00:14:53+00:00","dateModified":"2022-04-15T11:54:20+00:00","description":"Sivuston Aula 95 \"lava\". Laulava tohtori, tutkijatohtori Inna Lisko, esittelee aika ajoin omia s\u00e4vellyksi\u00e4\/sanoituksia\/musiikkituotoksiaan.","breadcrumb":{"@id":"https:\/\/www.aula95.me\/?page_id=2#breadcrumb"},"inLanguage":"fi","potentialAction":[{"@type":"ReadAction","target":["https:\/\/www.aula95.me\/?page_id=2"]}]},{"@type":"ImageObject","inLanguage":"fi","@id":"https:\/\/www.aula95.me\/?page_id=2#primaryimage","url":"https:\/\/mlcacrgqmoso.i.optimole.com\/w:auto\/h:auto\/q:mauto\/ig:avif\/https:\/\/www.aula95.me\/wp-content\/uploads\/2022\/03\/Talvipuutarhaan-Inna-Lisko-Kuvaaja-Rumi-Kozakai-scaled-e1648581694629.jpg","contentUrl":"https:\/\/mlcacrgqmoso.i.optimole.com\/w:auto\/h:auto\/q:mauto\/ig:avif\/https:\/\/www.aula95.me\/wp-content\/uploads\/2022\/03\/Talvipuutarhaan-Inna-Lisko-Kuvaaja-Rumi-Kozakai-scaled-e1648581694629.jpg","width":2560,"height":1324,"caption":"Talvipuutarhaan: Inna Lisko pop\/jazz-laulun tutkintokonsertissaan Jyv\u00e4skyl\u00e4n Popparissa. Kuva: Rumi Kozakai"},{"@type":"BreadcrumbList","@id":"https:\/\/www.aula95.me\/?page_id=2#breadcrumb","itemListElement":[{"@type":"ListItem","position":1,"name":"Etusivu","item":"https:\/\/www.aula95.me\/"},{"@type":"ListItem","position":2,"name":"Lava"}]},{"@type":"WebSite","@id":"https:\/\/www.aula95.me\/#website","url":"https:\/\/www.aula95.me\/","name":"Aula 95","description":"Blogi &amp; lava","publisher":{"@id":"https:\/\/www.aula95.me\/#organization"},"potentialAction":[{"@type":"SearchAction","target":{"@type":"EntryPoint","urlTemplate":"https:\/\/www.aula95.me\/?s={search_term_string}"},"query-input":{"@type":"PropertyValueSpecification","valueRequired":true,"valueName":"search_term_string"}}],"inLanguage":"fi"},{"@type":"Organization","@id":"https:\/\/www.aula95.me\/#organization","name":"Aula 95","url":"https:\/\/www.aula95.me\/","logo":{"@type":"ImageObject","inLanguage":"fi","@id":"https:\/\/www.aula95.me\/#\/schema\/logo\/image\/","url":"https:\/\/mlcacrgqmoso.i.optimole.com\/w:auto\/h:auto\/q:mauto\/ig:avif\/https:\/\/www.aula95.me\/wp-content\/uploads\/2022\/03\/Aula-95-Logo-2022-03-27-1.png","contentUrl":"https:\/\/mlcacrgqmoso.i.optimole.com\/w:auto\/h:auto\/q:mauto\/ig:avif\/https:\/\/www.aula95.me\/wp-content\/uploads\/2022\/03\/Aula-95-Logo-2022-03-27-1.png","width":290,"height":172,"caption":"Aula 95"},"image":{"@id":"https:\/\/www.aula95.me\/#\/schema\/logo\/image\/"}}]}},"uagb_featured_image_src":{"full":["https:\/\/mlcacrgqmoso.i.optimole.com\/w:auto\/h:auto\/q:mauto\/ig:avif\/https:\/\/www.aula95.me\/wp-content\/uploads\/2022\/03\/Talvipuutarhaan-Inna-Lisko-Kuvaaja-Rumi-Kozakai-scaled-e1648581694629.jpg",2560,1324,false],"thumbnail":["https:\/\/mlcacrgqmoso.i.optimole.com\/w:150\/h:150\/q:mauto\/rt:fill\/g:ce\/ig:avif\/https:\/\/www.aula95.me\/wp-content\/uploads\/2022\/03\/Talvipuutarhaan-Inna-Lisko-Kuvaaja-Rumi-Kozakai-scaled-e1648581694629.jpg",150,150,true],"medium":["https:\/\/mlcacrgqmoso.i.optimole.com\/w:300\/h:155\/q:mauto\/ig:avif\/https:\/\/www.aula95.me\/wp-content\/uploads\/2022\/03\/Talvipuutarhaan-Inna-Lisko-Kuvaaja-Rumi-Kozakai-scaled-e1648581694629.jpg",300,155,true],"medium_large":["https:\/\/mlcacrgqmoso.i.optimole.com\/w:768\/h:397\/q:mauto\/ig:avif\/https:\/\/www.aula95.me\/wp-content\/uploads\/2022\/03\/Talvipuutarhaan-Inna-Lisko-Kuvaaja-Rumi-Kozakai-scaled-e1648581694629.jpg",768,397,true],"large":["https:\/\/mlcacrgqmoso.i.optimole.com\/w:1024\/h:530\/q:mauto\/ig:avif\/https:\/\/www.aula95.me\/wp-content\/uploads\/2022\/03\/Talvipuutarhaan-Inna-Lisko-Kuvaaja-Rumi-Kozakai-scaled-e1648581694629.jpg",960,497,true],"1536x1536":["https:\/\/mlcacrgqmoso.i.optimole.com\/w:1536\/h:794\/q:mauto\/ig:avif\/https:\/\/www.aula95.me\/wp-content\/uploads\/2022\/03\/Talvipuutarhaan-Inna-Lisko-Kuvaaja-Rumi-Kozakai-scaled-e1648581694629.jpg",1536,794,true],"2048x2048":["https:\/\/mlcacrgqmoso.i.optimole.com\/w:1920\/h:992\/q:mauto\/ig:avif\/https:\/\/www.aula95.me\/wp-content\/uploads\/2022\/03\/Talvipuutarhaan-Inna-Lisko-Kuvaaja-Rumi-Kozakai-scaled-e1648581694629.jpg",2048,1059,true],"ashe-slider-grid-thumbnail":["https:\/\/mlcacrgqmoso.i.optimole.com\/w:1140\/h:540\/q:mauto\/rt:fill\/g:ce\/ig:avif\/https:\/\/www.aula95.me\/wp-content\/uploads\/2022\/03\/Talvipuutarhaan-Inna-Lisko-Kuvaaja-Rumi-Kozakai-scaled-e1648581694629.jpg",1140,540,true],"ashe-full-thumbnail":["https:\/\/mlcacrgqmoso.i.optimole.com\/w:1140\/h:590\/q:mauto\/ig:avif\/https:\/\/www.aula95.me\/wp-content\/uploads\/2022\/03\/Talvipuutarhaan-Inna-Lisko-Kuvaaja-Rumi-Kozakai-scaled-e1648581694629.jpg",1140,590,true],"ashe-grid-thumbnail":["https:\/\/mlcacrgqmoso.i.optimole.com\/w:500\/h:330\/q:mauto\/rt:fill\/g:ce\/ig:avif\/https:\/\/www.aula95.me\/wp-content\/uploads\/2022\/03\/Talvipuutarhaan-Inna-Lisko-Kuvaaja-Rumi-Kozakai-scaled-e1648581694629.jpg",500,330,true],"ashe-list-thumbnail":["https:\/\/mlcacrgqmoso.i.optimole.com\/w:300\/h:300\/q:mauto\/rt:fill\/g:ce\/ig:avif\/https:\/\/www.aula95.me\/wp-content\/uploads\/2022\/03\/Talvipuutarhaan-Inna-Lisko-Kuvaaja-Rumi-Kozakai-scaled-e1648581694629.jpg",300,300,true],"ashe-single-navigation":["https:\/\/mlcacrgqmoso.i.optimole.com\/w:75\/h:75\/q:mauto\/rt:fill\/g:ce\/ig:avif\/dpr:2\/https:\/\/www.aula95.me\/wp-content\/uploads\/2022\/03\/Talvipuutarhaan-Inna-Lisko-Kuvaaja-Rumi-Kozakai-scaled-e1648581694629.jpg",75,75,true]},"uagb_author_info":{"display_name":"Inna","author_link":"https:\/\/www.aula95.me\/?author=1"},"uagb_comment_info":0,"uagb_excerpt":"Aula soi Inna Liskon s\u00e4velin. Seuraavassa on n\u00e4ht\u00e4vill\u00e4 ja kuultavissa Inna Liskon omaa musiikkia. My Dance With the Raindrops S\u00e4v. &amp; san. Inna Lisko The years have passed me byI sip my drink and try to smileWhat did go wrong?Did I wait too longTo get to dance with the raindropsMy heart and I? One autumn&hellip;","acf":[],"jetpack_sharing_enabled":true,"_links":{"self":[{"href":"https:\/\/www.aula95.me\/index.php?rest_route=\/wp\/v2\/pages\/2"}],"collection":[{"href":"https:\/\/www.aula95.me\/index.php?rest_route=\/wp\/v2\/pages"}],"about":[{"href":"https:\/\/www.aula95.me\/index.php?rest_route=\/wp\/v2\/types\/page"}],"author":[{"embeddable":true,"href":"https:\/\/www.aula95.me\/index.php?rest_route=\/wp\/v2\/users\/1"}],"replies":[{"embeddable":true,"href":"https:\/\/www.aula95.me\/index.php?rest_route=%2Fwp%2Fv2%2Fcomments&post=2"}],"version-history":[{"count":22,"href":"https:\/\/www.aula95.me\/index.php?rest_route=\/wp\/v2\/pages\/2\/revisions"}],"predecessor-version":[{"id":444,"href":"https:\/\/www.aula95.me\/index.php?rest_route=\/wp\/v2\/pages\/2\/revisions\/444"}],"wp:featuredmedia":[{"embeddable":true,"href":"https:\/\/www.aula95.me\/index.php?rest_route=\/wp\/v2\/media\/252"}],"wp:attachment":[{"href":"https:\/\/www.aula95.me\/index.php?rest_route=%2Fwp%2Fv2%2Fmedia&parent=2"}],"curies":[{"name":"wp","href":"https:\/\/api.w.org\/{rel}","templated":true}]}}