{"id":28,"date":"2022-03-31T08:00:19","date_gmt":"2022-03-31T08:00:19","guid":{"rendered":"https:\/\/www.aula95.me\/?page_id=28"},"modified":"2025-07-04T11:23:50","modified_gmt":"2025-07-04T11:23:50","slug":"front-page","status":"publish","type":"page","link":"https:\/\/www.aula95.me\/","title":{"rendered":"Aula 95 <br>[aula ysivi:s]"},"content":{"rendered":"<p><strong>Tutkimustietoa vanhenemisesta ja hyvinvointiyhteiskunnan haasteiden pohdintaa musiikin s\u00e4v(\u00e4)ytt\u00e4m\u00e4n\u00e4<\/strong><\/p>\n\n\n<p><\/p>\n\n\n\n<p>Filosofian tohtori Inna Lisko nostaa esille Aula 95 -blogissaan vanhenemistutkimuksen teemoja ja p\u00e4hk\u00e4ilee hyvinvointiyhteiskunnan solmukohtia vieden lukijansa my\u00f6s musiikin \u00e4\u00e4relle &#8211; ajoittain omansakin Aula 95:n \u201dlavalla\u201d. Mit\u00e4 meid\u00e4n kaikkien olisi syyt\u00e4 tiet\u00e4\u00e4 vanhenemisesta? Mill\u00e4 tavoin paikallisia tai globaaleja, eitt\u00e4m\u00e4tt\u00e4 hyvinvointiin vaikuttavia yhteiskunnallisia ongelmia voisi vied\u00e4 edes hitusen eteenp\u00e4in?<\/p>\n\n\n\n<p>Alta l\u00f6ytyy linkit kahteen ensimm\u00e4iseen kirjoitukseeni, joissa avaan tarkemmin, mist\u00e4 sivustossa on kyse, ja mist\u00e4 sivuston nimi juontaa juurensa:<\/p>\n\n\n\n<p><a href=\"https:\/\/www.aula95.me\/?p=390\">Mik\u00e4 <em>Aula ysiviis?<\/em><\/a><\/p>\n\n\n\n<p><a href=\"https:\/\/www.aula95.me\/?p=170\">Tiede. Taide. Yhteiskunta. Vanheneminen. Musiikki. Hyvinvointi.<\/a><\/p>\n\n\n\n<p><\/p>\n","protected":false},"excerpt":{"rendered":"<p>Tutkimustietoa vanhenemisesta ja hyvinvointiyhteiskunnan haasteiden pohdintaa musiikin s\u00e4v(\u00e4)ytt\u00e4m\u00e4n\u00e4 Filosofian tohtori Inna Lisko nostaa esille Aula 95 -blogissaan vanhenemistutkimuksen teemoja ja p\u00e4hk\u00e4ilee hyvinvointiyhteiskunnan solmukohtia vieden lukijansa my\u00f6s musiikin \u00e4\u00e4relle &#8211; ajoittain omansakin Aula 95:n \u201dlavalla\u201d. Mit\u00e4 meid\u00e4n kaikkien olisi syyt\u00e4 tiet\u00e4\u00e4 vanhenemisesta? Mill\u00e4 tavoin paikallisia tai globaaleja, eitt\u00e4m\u00e4tt\u00e4 hyvinvointiin vaikuttavia yhteiskunnallisia ongelmia voisi vied\u00e4 edes hitusen eteenp\u00e4in? Alta l\u00f6ytyy linkit kahteen ensimm\u00e4iseen kirjoitukseeni, joissa avaan tarkemmin, mist\u00e4 sivustossa on kyse, ja mist\u00e4 sivuston nimi juontaa juurensa: Mik\u00e4 Aula ysiviis? Tiede. Taide. Yhteiskunta. Vanheneminen. Musiikki. Hyvinvointi.<\/p>\n","protected":false},"author":1,"featured_media":179,"parent":0,"menu_order":0,"comment_status":"closed","ping_status":"closed","template":"","meta":{"_uag_custom_page_level_css":"","footnotes":""},"class_list":["post-28","page","type-page","status-publish","has-post-thumbnail","hentry"],"yoast_head":"<!-- This site is optimized with the Yoast SEO plugin v25.6 - https:\/\/yoast.com\/wordpress\/plugins\/seo\/ -->\n<title>Aula 95 [aula ysivi:s] - Aula 95<\/title>\n<meta name=\"description\" content=\"Aula 95 - blogi &amp; lava. Tutkijatohtori Inna Lisko k\u00e4sittelee vanhenemista ja hyvinvointiyhteiskunnan haasteita musiikin - ajoittain omansakin - s\u00e4v(\u00e4)ytt\u00e4m\u00e4n\u00e4. Sivuston yleisesittely.\" \/>\n<meta name=\"robots\" content=\"index, follow, max-snippet:-1, max-image-preview:large, max-video-preview:-1\" \/>\n<link rel=\"canonical\" href=\"https:\/\/www.aula95.me\/\" \/>\n<meta property=\"og:locale\" content=\"fi_FI\" \/>\n<meta property=\"og:type\" content=\"article\" \/>\n<meta property=\"og:title\" content=\"Aula 95 [aula ysivi:s] - Aula 95\" \/>\n<meta property=\"og:description\" content=\"Aula 95 - blogi &amp; lava. Tutkijatohtori Inna Lisko k\u00e4sittelee vanhenemista ja hyvinvointiyhteiskunnan haasteita musiikin - ajoittain omansakin - s\u00e4v(\u00e4)ytt\u00e4m\u00e4n\u00e4. Sivuston yleisesittely.\" \/>\n<meta property=\"og:url\" content=\"https:\/\/www.aula95.me\/\" \/>\n<meta property=\"og:site_name\" content=\"Aula 95\" \/>\n<meta property=\"article:modified_time\" content=\"2025-07-04T11:23:50+00:00\" \/>\n<meta property=\"og:image\" content=\"https:\/\/mlcacrgqmoso.i.optimole.com\/w:auto\/h:auto\/q:mauto\/ig:avif\/http:\/\/www.aula95.me\/wp-content\/uploads\/2022\/03\/Inna-Lisko-JYUn-C1-juhlasalin-oven-edessa-Kuva-Maria-Hamalainen-scaled.jpg\" \/>\n\t<meta property=\"og:image:width\" content=\"2560\" \/>\n\t<meta property=\"og:image:height\" content=\"1707\" \/>\n\t<meta property=\"og:image:type\" content=\"image\/jpeg\" \/>\n<meta name=\"twitter:card\" content=\"summary_large_image\" \/>\n<meta name=\"twitter:label1\" content=\"Arvioitu lukuaika\" \/>\n\t<meta name=\"twitter:data1\" content=\"1 minuutti\" \/>\n<script type=\"application\/ld+json\" class=\"yoast-schema-graph\">{\"@context\":\"https:\/\/schema.org\",\"@graph\":[{\"@type\":\"WebPage\",\"@id\":\"https:\/\/www.aula95.me\/\",\"url\":\"https:\/\/www.aula95.me\/\",\"name\":\"Aula 95 [aula ysivi:s] - Aula 95\",\"isPartOf\":{\"@id\":\"https:\/\/www.aula95.me\/#website\"},\"primaryImageOfPage\":{\"@id\":\"https:\/\/www.aula95.me\/#primaryimage\"},\"image\":{\"@id\":\"https:\/\/www.aula95.me\/#primaryimage\"},\"thumbnailUrl\":\"https:\/\/mlcacrgqmoso.i.optimole.com\/w:auto\/h:auto\/q:mauto\/ig:avif\/https:\/\/www.aula95.me\/wp-content\/uploads\/2022\/03\/Inna-Lisko-JYUn-C1-juhlasalin-oven-edessa-Kuva-Maria-Hamalainen-scaled.jpg\",\"datePublished\":\"2022-03-31T08:00:19+00:00\",\"dateModified\":\"2025-07-04T11:23:50+00:00\",\"description\":\"Aula 95 - blogi & lava. Tutkijatohtori Inna Lisko k\u00e4sittelee vanhenemista ja hyvinvointiyhteiskunnan haasteita musiikin - ajoittain omansakin - s\u00e4v(\u00e4)ytt\u00e4m\u00e4n\u00e4. Sivuston yleisesittely.\",\"breadcrumb\":{\"@id\":\"https:\/\/www.aula95.me\/#breadcrumb\"},\"inLanguage\":\"fi\",\"potentialAction\":[{\"@type\":\"ReadAction\",\"target\":[\"https:\/\/www.aula95.me\/\"]}]},{\"@type\":\"ImageObject\",\"inLanguage\":\"fi\",\"@id\":\"https:\/\/www.aula95.me\/#primaryimage\",\"url\":\"https:\/\/mlcacrgqmoso.i.optimole.com\/w:auto\/h:auto\/q:mauto\/ig:avif\/https:\/\/www.aula95.me\/wp-content\/uploads\/2022\/03\/Inna-Lisko-JYUn-C1-juhlasalin-oven-edessa-Kuva-Maria-Hamalainen-scaled.jpg\",\"contentUrl\":\"https:\/\/mlcacrgqmoso.i.optimole.com\/w:auto\/h:auto\/q:mauto\/ig:avif\/https:\/\/www.aula95.me\/wp-content\/uploads\/2022\/03\/Inna-Lisko-JYUn-C1-juhlasalin-oven-edessa-Kuva-Maria-Hamalainen-scaled.jpg\",\"width\":2560,\"height\":1707,\"caption\":\"Filosofian tohtori Inna Lisko kulkee tutkimuksen ja musiikin kanssa k\u00e4si k\u00e4dess\u00e4. Kuva: Maria H\u00e4m\u00e4l\u00e4inen\"},{\"@type\":\"BreadcrumbList\",\"@id\":\"https:\/\/www.aula95.me\/#breadcrumb\",\"itemListElement\":[{\"@type\":\"ListItem\",\"position\":1,\"name\":\"Etusivu\",\"item\":\"https:\/\/www.aula95.me\/\"},{\"@type\":\"ListItem\",\"position\":2,\"name\":\"Aula 95 [aula ysivi:s]\"}]},{\"@type\":\"WebSite\",\"@id\":\"https:\/\/www.aula95.me\/#website\",\"url\":\"https:\/\/www.aula95.me\/\",\"name\":\"Aula 95\",\"description\":\"Blogi &amp; lava\",\"publisher\":{\"@id\":\"https:\/\/www.aula95.me\/#organization\"},\"potentialAction\":[{\"@type\":\"SearchAction\",\"target\":{\"@type\":\"EntryPoint\",\"urlTemplate\":\"https:\/\/www.aula95.me\/?s={search_term_string}\"},\"query-input\":{\"@type\":\"PropertyValueSpecification\",\"valueRequired\":true,\"valueName\":\"search_term_string\"}}],\"inLanguage\":\"fi\"},{\"@type\":\"Organization\",\"@id\":\"https:\/\/www.aula95.me\/#organization\",\"name\":\"Aula 95\",\"url\":\"https:\/\/www.aula95.me\/\",\"logo\":{\"@type\":\"ImageObject\",\"inLanguage\":\"fi\",\"@id\":\"https:\/\/www.aula95.me\/#\/schema\/logo\/image\/\",\"url\":\"https:\/\/mlcacrgqmoso.i.optimole.com\/w:auto\/h:auto\/q:mauto\/ig:avif\/https:\/\/www.aula95.me\/wp-content\/uploads\/2022\/03\/Aula-95-Logo-2022-03-27-1.png\",\"contentUrl\":\"https:\/\/mlcacrgqmoso.i.optimole.com\/w:auto\/h:auto\/q:mauto\/ig:avif\/https:\/\/www.aula95.me\/wp-content\/uploads\/2022\/03\/Aula-95-Logo-2022-03-27-1.png\",\"width\":290,\"height\":172,\"caption\":\"Aula 95\"},\"image\":{\"@id\":\"https:\/\/www.aula95.me\/#\/schema\/logo\/image\/\"}}]}<\/script>\n<!-- \/ Yoast SEO plugin. -->","yoast_head_json":{"title":"Aula 95 [aula ysivi:s] - Aula 95","description":"Aula 95 - blogi & lava. Tutkijatohtori Inna Lisko k\u00e4sittelee vanhenemista ja hyvinvointiyhteiskunnan haasteita musiikin - ajoittain omansakin - s\u00e4v(\u00e4)ytt\u00e4m\u00e4n\u00e4. Sivuston yleisesittely.","robots":{"index":"index","follow":"follow","max-snippet":"max-snippet:-1","max-image-preview":"max-image-preview:large","max-video-preview":"max-video-preview:-1"},"canonical":"https:\/\/www.aula95.me\/","og_locale":"fi_FI","og_type":"article","og_title":"Aula 95 [aula ysivi:s] - Aula 95","og_description":"Aula 95 - blogi & lava. Tutkijatohtori Inna Lisko k\u00e4sittelee vanhenemista ja hyvinvointiyhteiskunnan haasteita musiikin - ajoittain omansakin - s\u00e4v(\u00e4)ytt\u00e4m\u00e4n\u00e4. Sivuston yleisesittely.","og_url":"https:\/\/www.aula95.me\/","og_site_name":"Aula 95","article_modified_time":"2025-07-04T11:23:50+00:00","og_image":[{"width":2560,"height":1707,"url":"https:\/\/mlcacrgqmoso.i.optimole.com\/w:auto\/h:auto\/q:mauto\/ig:avif\/http:\/\/www.aula95.me\/wp-content\/uploads\/2022\/03\/Inna-Lisko-JYUn-C1-juhlasalin-oven-edessa-Kuva-Maria-Hamalainen-scaled.jpg","type":"image\/jpeg"}],"twitter_card":"summary_large_image","twitter_misc":{"Arvioitu lukuaika":"1 minuutti"},"schema":{"@context":"https:\/\/schema.org","@graph":[{"@type":"WebPage","@id":"https:\/\/www.aula95.me\/","url":"https:\/\/www.aula95.me\/","name":"Aula 95 [aula ysivi:s] - Aula 95","isPartOf":{"@id":"https:\/\/www.aula95.me\/#website"},"primaryImageOfPage":{"@id":"https:\/\/www.aula95.me\/#primaryimage"},"image":{"@id":"https:\/\/www.aula95.me\/#primaryimage"},"thumbnailUrl":"https:\/\/mlcacrgqmoso.i.optimole.com\/w:auto\/h:auto\/q:mauto\/ig:avif\/https:\/\/www.aula95.me\/wp-content\/uploads\/2022\/03\/Inna-Lisko-JYUn-C1-juhlasalin-oven-edessa-Kuva-Maria-Hamalainen-scaled.jpg","datePublished":"2022-03-31T08:00:19+00:00","dateModified":"2025-07-04T11:23:50+00:00","description":"Aula 95 - blogi & lava. Tutkijatohtori Inna Lisko k\u00e4sittelee vanhenemista ja hyvinvointiyhteiskunnan haasteita musiikin - ajoittain omansakin - s\u00e4v(\u00e4)ytt\u00e4m\u00e4n\u00e4. Sivuston yleisesittely.","breadcrumb":{"@id":"https:\/\/www.aula95.me\/#breadcrumb"},"inLanguage":"fi","potentialAction":[{"@type":"ReadAction","target":["https:\/\/www.aula95.me\/"]}]},{"@type":"ImageObject","inLanguage":"fi","@id":"https:\/\/www.aula95.me\/#primaryimage","url":"https:\/\/mlcacrgqmoso.i.optimole.com\/w:auto\/h:auto\/q:mauto\/ig:avif\/https:\/\/www.aula95.me\/wp-content\/uploads\/2022\/03\/Inna-Lisko-JYUn-C1-juhlasalin-oven-edessa-Kuva-Maria-Hamalainen-scaled.jpg","contentUrl":"https:\/\/mlcacrgqmoso.i.optimole.com\/w:auto\/h:auto\/q:mauto\/ig:avif\/https:\/\/www.aula95.me\/wp-content\/uploads\/2022\/03\/Inna-Lisko-JYUn-C1-juhlasalin-oven-edessa-Kuva-Maria-Hamalainen-scaled.jpg","width":2560,"height":1707,"caption":"Filosofian tohtori Inna Lisko kulkee tutkimuksen ja musiikin kanssa k\u00e4si k\u00e4dess\u00e4. Kuva: Maria H\u00e4m\u00e4l\u00e4inen"},{"@type":"BreadcrumbList","@id":"https:\/\/www.aula95.me\/#breadcrumb","itemListElement":[{"@type":"ListItem","position":1,"name":"Etusivu","item":"https:\/\/www.aula95.me\/"},{"@type":"ListItem","position":2,"name":"Aula 95 [aula ysivi:s]"}]},{"@type":"WebSite","@id":"https:\/\/www.aula95.me\/#website","url":"https:\/\/www.aula95.me\/","name":"Aula 95","description":"Blogi &amp; lava","publisher":{"@id":"https:\/\/www.aula95.me\/#organization"},"potentialAction":[{"@type":"SearchAction","target":{"@type":"EntryPoint","urlTemplate":"https:\/\/www.aula95.me\/?s={search_term_string}"},"query-input":{"@type":"PropertyValueSpecification","valueRequired":true,"valueName":"search_term_string"}}],"inLanguage":"fi"},{"@type":"Organization","@id":"https:\/\/www.aula95.me\/#organization","name":"Aula 95","url":"https:\/\/www.aula95.me\/","logo":{"@type":"ImageObject","inLanguage":"fi","@id":"https:\/\/www.aula95.me\/#\/schema\/logo\/image\/","url":"https:\/\/mlcacrgqmoso.i.optimole.com\/w:auto\/h:auto\/q:mauto\/ig:avif\/https:\/\/www.aula95.me\/wp-content\/uploads\/2022\/03\/Aula-95-Logo-2022-03-27-1.png","contentUrl":"https:\/\/mlcacrgqmoso.i.optimole.com\/w:auto\/h:auto\/q:mauto\/ig:avif\/https:\/\/www.aula95.me\/wp-content\/uploads\/2022\/03\/Aula-95-Logo-2022-03-27-1.png","width":290,"height":172,"caption":"Aula 95"},"image":{"@id":"https:\/\/www.aula95.me\/#\/schema\/logo\/image\/"}}]}},"uagb_featured_image_src":{"full":["https:\/\/mlcacrgqmoso.i.optimole.com\/w:auto\/h:auto\/q:mauto\/ig:avif\/https:\/\/www.aula95.me\/wp-content\/uploads\/2022\/03\/Inna-Lisko-JYUn-C1-juhlasalin-oven-edessa-Kuva-Maria-Hamalainen-scaled.jpg",2560,1707,false],"thumbnail":["https:\/\/mlcacrgqmoso.i.optimole.com\/w:150\/h:150\/q:mauto\/rt:fill\/g:ce\/ig:avif\/https:\/\/www.aula95.me\/wp-content\/uploads\/2022\/03\/Inna-Lisko-JYUn-C1-juhlasalin-oven-edessa-Kuva-Maria-Hamalainen.jpg",150,150,true],"medium":["https:\/\/mlcacrgqmoso.i.optimole.com\/w:300\/h:200\/q:mauto\/ig:avif\/https:\/\/www.aula95.me\/wp-content\/uploads\/2022\/03\/Inna-Lisko-JYUn-C1-juhlasalin-oven-edessa-Kuva-Maria-Hamalainen.jpg",300,200,true],"medium_large":["https:\/\/mlcacrgqmoso.i.optimole.com\/w:768\/h:512\/q:mauto\/ig:avif\/https:\/\/www.aula95.me\/wp-content\/uploads\/2022\/03\/Inna-Lisko-JYUn-C1-juhlasalin-oven-edessa-Kuva-Maria-Hamalainen.jpg",768,512,true],"large":["https:\/\/mlcacrgqmoso.i.optimole.com\/w:1024\/h:683\/q:mauto\/ig:avif\/https:\/\/www.aula95.me\/wp-content\/uploads\/2022\/03\/Inna-Lisko-JYUn-C1-juhlasalin-oven-edessa-Kuva-Maria-Hamalainen.jpg",960,640,true],"1536x1536":["https:\/\/mlcacrgqmoso.i.optimole.com\/w:1536\/h:1024\/q:mauto\/ig:avif\/https:\/\/www.aula95.me\/wp-content\/uploads\/2022\/03\/Inna-Lisko-JYUn-C1-juhlasalin-oven-edessa-Kuva-Maria-Hamalainen.jpg",1536,1024,true],"2048x2048":["https:\/\/mlcacrgqmoso.i.optimole.com\/w:1620\/h:1080\/q:mauto\/ig:avif\/https:\/\/www.aula95.me\/wp-content\/uploads\/2022\/03\/Inna-Lisko-JYUn-C1-juhlasalin-oven-edessa-Kuva-Maria-Hamalainen.jpg",2048,1365,true],"ashe-slider-grid-thumbnail":["https:\/\/mlcacrgqmoso.i.optimole.com\/w:1140\/h:540\/q:mauto\/rt:fill\/g:ce\/ig:avif\/https:\/\/www.aula95.me\/wp-content\/uploads\/2022\/03\/Inna-Lisko-JYUn-C1-juhlasalin-oven-edessa-Kuva-Maria-Hamalainen.jpg",1140,540,true],"ashe-full-thumbnail":["https:\/\/mlcacrgqmoso.i.optimole.com\/w:1140\/h:760\/q:mauto\/ig:avif\/https:\/\/www.aula95.me\/wp-content\/uploads\/2022\/03\/Inna-Lisko-JYUn-C1-juhlasalin-oven-edessa-Kuva-Maria-Hamalainen.jpg",1140,760,true],"ashe-grid-thumbnail":["https:\/\/mlcacrgqmoso.i.optimole.com\/w:500\/h:330\/q:mauto\/rt:fill\/g:ce\/ig:avif\/https:\/\/www.aula95.me\/wp-content\/uploads\/2022\/03\/Inna-Lisko-JYUn-C1-juhlasalin-oven-edessa-Kuva-Maria-Hamalainen.jpg",500,330,true],"ashe-list-thumbnail":["https:\/\/mlcacrgqmoso.i.optimole.com\/w:300\/h:300\/q:mauto\/rt:fill\/g:ce\/ig:avif\/https:\/\/www.aula95.me\/wp-content\/uploads\/2022\/03\/Inna-Lisko-JYUn-C1-juhlasalin-oven-edessa-Kuva-Maria-Hamalainen.jpg",300,300,true],"ashe-single-navigation":["https:\/\/mlcacrgqmoso.i.optimole.com\/w:auto\/h:auto\/q:mauto\/ig:avif\/https:\/\/www.aula95.me\/wp-content\/uploads\/2022\/03\/Inna-Lisko-JYUn-C1-juhlasalin-oven-edessa-Kuva-Maria-Hamalainen-scaled.jpg",75,50,false]},"uagb_author_info":{"display_name":"Inna","author_link":"https:\/\/www.aula95.me\/?author=1"},"uagb_comment_info":0,"uagb_excerpt":"Tutkimustietoa vanhenemisesta ja hyvinvointiyhteiskunnan haasteiden pohdintaa musiikin s\u00e4v(\u00e4)ytt\u00e4m\u00e4n\u00e4 Filosofian tohtori Inna Lisko nostaa esille Aula 95 -blogissaan vanhenemistutkimuksen teemoja ja p\u00e4hk\u00e4ilee hyvinvointiyhteiskunnan solmukohtia vieden lukijansa my\u00f6s musiikin \u00e4\u00e4relle &#8211; ajoittain omansakin Aula 95:n \u201dlavalla\u201d. Mit\u00e4 meid\u00e4n kaikkien olisi syyt\u00e4 tiet\u00e4\u00e4 vanhenemisesta? Mill\u00e4 tavoin paikallisia tai globaaleja, eitt\u00e4m\u00e4tt\u00e4 hyvinvointiin vaikuttavia yhteiskunnallisia ongelmia voisi vied\u00e4 edes hitusen&hellip;","acf":[],"jetpack_sharing_enabled":true,"_links":{"self":[{"href":"https:\/\/www.aula95.me\/index.php?rest_route=\/wp\/v2\/pages\/28"}],"collection":[{"href":"https:\/\/www.aula95.me\/index.php?rest_route=\/wp\/v2\/pages"}],"about":[{"href":"https:\/\/www.aula95.me\/index.php?rest_route=\/wp\/v2\/types\/page"}],"author":[{"embeddable":true,"href":"https:\/\/www.aula95.me\/index.php?rest_route=\/wp\/v2\/users\/1"}],"replies":[{"embeddable":true,"href":"https:\/\/www.aula95.me\/index.php?rest_route=%2Fwp%2Fv2%2Fcomments&post=28"}],"version-history":[{"count":32,"href":"https:\/\/www.aula95.me\/index.php?rest_route=\/wp\/v2\/pages\/28\/revisions"}],"predecessor-version":[{"id":731,"href":"https:\/\/www.aula95.me\/index.php?rest_route=\/wp\/v2\/pages\/28\/revisions\/731"}],"wp:featuredmedia":[{"embeddable":true,"href":"https:\/\/www.aula95.me\/index.php?rest_route=\/wp\/v2\/media\/179"}],"wp:attachment":[{"href":"https:\/\/www.aula95.me\/index.php?rest_route=%2Fwp%2Fv2%2Fmedia&parent=28"}],"curies":[{"name":"wp","href":"https:\/\/api.w.org\/{rel}","templated":true}]}}