{"id":741,"date":"2025-12-22T18:10:00","date_gmt":"2025-12-22T18:10:00","guid":{"rendered":"https:\/\/www.aula95.me\/?page_id=741"},"modified":"2026-04-29T11:29:57","modified_gmt":"2026-04-29T11:29:57","slug":"ajankohtaista","status":"publish","type":"page","link":"https:\/\/www.aula95.me\/?page_id=741","title":{"rendered":"Ajankohtaista"},"content":{"rendered":"\n<h2 class=\"wp-block-heading\">Tervetuloa Yl\u00e4kaupungin y\u00f6n keikalleni pe 15.5.2026 klo 16 Jyv\u00e4skyl\u00e4n Vanhaan Pappilaan!<\/h2>\n\n\n\n<p>L\u00e4mpim\u00e4sti tervetuloa keikalleni &#8221;Inna Lisko &#8211; Viel\u00e4k\u00f6 joskus riit\u00e4n&#8221; <a href=\"https:\/\/www.ylakaupunginyo.fi\/\"><strong>Yl\u00e4kaupungin y\u00f6h\u00f6n<\/strong><\/a> pe 15.5. klo 16 Jyv\u00e4skyl\u00e4n Vanhaan Pappilaan (Vapaudenkatu 26)!\u00a0<img data-opt-id=1708163538  fetchpriority=\"high\" decoding=\"async\" width=\"20\" src=\"https:\/\/statics.teams.cdn.office.net\/evergreen-assets\/personal-expressions\/v2\/assets\/emoticons\/1f31b_firstquartermoonwithface\/default\/60_f.png?v=v10\" alt=\"\ud83c\udf1b\">\u2728<\/p>\n\n\n\n<figure class=\"wp-block-image size-large\"><img data-opt-id=1726366256  fetchpriority=\"high\" decoding=\"async\" width=\"1024\" height=\"579\" src=\"https:\/\/mlcacrgqmoso.i.optimole.com\/w:1024\/h:579\/q:mauto\/ig:avif\/https:\/\/www.aula95.me\/wp-content\/uploads\/2026\/04\/Inna_Lisko_promokuva_kuvaaja_Antti_Korhonen.jpg\" alt=\"\" class=\"wp-image-808\" srcset=\"https:\/\/mlcacrgqmoso.i.optimole.com\/w:1024\/h:579\/q:mauto\/ig:avif\/https:\/\/www.aula95.me\/wp-content\/uploads\/2026\/04\/Inna_Lisko_promokuva_kuvaaja_Antti_Korhonen-scaled.jpg 1024w, https:\/\/mlcacrgqmoso.i.optimole.com\/w:300\/h:169\/q:mauto\/ig:avif\/https:\/\/www.aula95.me\/wp-content\/uploads\/2026\/04\/Inna_Lisko_promokuva_kuvaaja_Antti_Korhonen-scaled.jpg 300w, https:\/\/mlcacrgqmoso.i.optimole.com\/w:768\/h:434\/q:mauto\/ig:avif\/https:\/\/www.aula95.me\/wp-content\/uploads\/2026\/04\/Inna_Lisko_promokuva_kuvaaja_Antti_Korhonen-scaled.jpg 768w, https:\/\/mlcacrgqmoso.i.optimole.com\/w:1536\/h:868\/q:mauto\/ig:avif\/https:\/\/www.aula95.me\/wp-content\/uploads\/2026\/04\/Inna_Lisko_promokuva_kuvaaja_Antti_Korhonen-scaled.jpg 1536w, https:\/\/mlcacrgqmoso.i.optimole.com\/w:1911\/h:1080\/q:mauto\/ig:avif\/https:\/\/www.aula95.me\/wp-content\/uploads\/2026\/04\/Inna_Lisko_promokuva_kuvaaja_Antti_Korhonen-scaled.jpg 2048w, https:\/\/mlcacrgqmoso.i.optimole.com\/w:1140\/h:644\/q:mauto\/ig:avif\/https:\/\/www.aula95.me\/wp-content\/uploads\/2026\/04\/Inna_Lisko_promokuva_kuvaaja_Antti_Korhonen-scaled.jpg 1140w\" sizes=\"(max-width: 960px) 100vw, 960px\" \/><\/figure>\n\n\n\n<p><\/p>\n\n\n\n<p><strong>Inna Lisko &#8211; Viel\u00e4k\u00f6 joskus riit\u00e4n?<\/strong><\/p>\n\n\n\n<p>T\u00e4m\u00e4 musiikkiesitys sukeltaa Inna Liskon omien suomen- ja englanninkielisten kappaleitten (pop\/jazz\/laulelma\/indie) \u00e4\u00e4relle. Monet kappaleista ovat kummunneet asiantuntijaty\u00f6st\u00e4 ja tutkimusty\u00f6st\u00e4, joka voi v\u00e4lill\u00e4 olla niin antoisaa, mutta v\u00e4lill\u00e4 niin raakaa. T\u00e4ll\u00e4 joskus kohtuuttomallakin maailmalla on runsaasti yhtym\u00e4kohtia my\u00f6s musiikkimaailman kanssa. Kappaleet luovat omakohtaisen tarinan, joka pit\u00e4\u00e4 sis\u00e4ll\u00e4\u00e4n niin pohjakosketuksia, korkealentoa kuin el\u00e4m\u00e4\u00e4 ja tutkimusta kaiken keskell\u00e4.<\/p>\n\n\n\n<p>Inna Lisko on raahelaisl\u00e4ht\u00f6inen, Jyv\u00e4skyl\u00e4\u00e4n kotiutunut tutkija ja laulaja-lauluntekij\u00e4. Omalla Aula 95 -sivustollaan (\u201dblogi &amp; lava\u201d) Lisko yhdist\u00e4\u00e4 taustaansa musiikin ja vanhenemistutkimuksen \u00e4\u00e4rell\u00e4 (<a href=\"https:\/\/www.aula95.me\/).\" rel=\"noreferrer noopener\" target=\"_blank\">https:\/\/www.aula95.me\/).<\/a><\/p>\n\n\n\n<p>Liskon omista kappaleista toistaiseksi yksi on julkisesti saatavilla (<a href=\"https:\/\/soundcloud.com\/inna-lisko).\" rel=\"noreferrer noopener\" target=\"_blank\">https:\/\/soundcloud.com\/inna-lisko).<\/a> Tavoitteena Liskolla onkin p\u00e4\u00e4st\u00e4 julkaisemaan lis\u00e4\u00e4 kappaleitaan, ja yhteisty\u00f6ehdotukset niin soittajien kuin musiikintuottajien kanssa Lisko ottaa ilolla vastaan! Yhteytt\u00e4 voi ottaa tai vinkki\u00e4 antaa hihasta nyk\u00e4isem\u00e4ll\u00e4, viestill\u00e4 (Instagram: @inna.lisko; Messenger: Inna Lisko) tai s\u00e4hk\u00f6postitse (inna.lisko@gmail.com).<\/p>\n\n\n\n<p><em>Piano ja laulu, Inna Lisko<\/em><\/p>\n\n\n\n<h2 class=\"wp-block-heading has-text-align-center\">Joulukronikoita 2025<\/h2>\n\n\n\n<p>Niin on vuosi taas vier\u00e4ht\u00e4nyt siihen vaiheeseen, ett\u00e4 on aika laskeutua joulutunnelmaan. Vuosi on ollut hyvin antoisa, mutta my\u00f6s hyvin kiireinen. Uutta vuotta kohden menness\u00e4 mieless\u00e4 on vankistunut, ett\u00e4 kiireist\u00e4 huolimatta haluan edist\u00e4\u00e4 my\u00f6s musiikkitouhujani ja olla aktiivisempi t\u00e4m\u00e4n Aula 95 -sivuni kanssa.<\/p>\n\n\n\n<p>On t\u00e4m\u00e4 silti aikamoista. Vaikka miten on tehnyt pitk\u00e4\u00e4 p\u00e4iv\u00e4\u00e4 ja saanut asioita tehokkaasti tehty\u00e4 ja hoidettua, niin silti tiettyjen linssien l\u00e4pi tarkasteltuna paistaa ep\u00e4onnistuminen. Se on tietysti raastavaa, mutta lienee viisaampaa, ettei liiaksi murehdi menneit\u00e4. M\u00e4\u00e4r\u00e4tietoisesti l\u00e4hden siis taklaamaan tulevana vuonna odottamaan j\u00e4\u00e4neit\u00e4 puhteita!<\/p>\n\n\n\n<p>Loppuvuoden kiireiden lomassa syntyi ajatus, ett\u00e4 voisin koettaa saada aikaiseksi pieni\u00e4 jouluun liittyvi\u00e4 tarinoita tai pohdintoja, joiden kylki\u00e4isiksi laittaisin oman esitysvideon jostain jouluun liittyv\u00e4st\u00e4 musiikkikappaleesta. Joulukalenteriin aika ei olisi miss\u00e4\u00e4n muodossa taipunut, mutta sitten tuli mieleen, ett\u00e4 voisin kirjoittaa muutamia \u201dJoulukronikoita\u201d. Katsotaan, montako saan askarreltua loppiaiseen menness\u00e4 kasaan!<\/p>\n\n\n\n<p><em>Turussa 22.12.2025, Inna Lisko<\/em><\/p>\n\n\n\n<figure class=\"wp-block-image size-large\"><img data-opt-id=1667953633  data-opt-src=\"https:\/\/mlcacrgqmoso.i.optimole.com\/w:1024\/h:768\/q:mauto\/ig:avif\/https:\/\/www.aula95.me\/wp-content\/uploads\/2025\/12\/Joulukronikoita_2025_kansikuva_landscape.jpg\"  decoding=\"async\" width=\"1024\" height=\"768\" src=\"data:image/svg+xml,%3Csvg%20viewBox%3D%220%200%201024%20768%22%20width%3D%221024%22%20height%3D%22768%22%20xmlns%3D%22http%3A%2F%2Fwww.w3.org%2F2000%2Fsvg%22%3E%3Crect%20width%3D%221024%22%20height%3D%22768%22%20fill%3D%22transparent%22%2F%3E%3C%2Fsvg%3E\" alt=\"\" class=\"wp-image-749\" old-srcset=\"https:\/\/mlcacrgqmoso.i.optimole.com\/w:1024\/h:768\/q:mauto\/ig:avif\/https:\/\/www.aula95.me\/wp-content\/uploads\/2025\/12\/Joulukronikoita_2025_kansikuva_landscape-rotated.jpg 1024w, https:\/\/mlcacrgqmoso.i.optimole.com\/w:300\/h:225\/q:mauto\/ig:avif\/https:\/\/www.aula95.me\/wp-content\/uploads\/2025\/12\/Joulukronikoita_2025_kansikuva_landscape-rotated.jpg 300w, https:\/\/mlcacrgqmoso.i.optimole.com\/w:768\/h:576\/q:mauto\/ig:avif\/https:\/\/www.aula95.me\/wp-content\/uploads\/2025\/12\/Joulukronikoita_2025_kansikuva_landscape-rotated.jpg 768w, https:\/\/mlcacrgqmoso.i.optimole.com\/w:1440\/h:1080\/q:mauto\/ig:avif\/https:\/\/www.aula95.me\/wp-content\/uploads\/2025\/12\/Joulukronikoita_2025_kansikuva_landscape-rotated.jpg 1536w, https:\/\/mlcacrgqmoso.i.optimole.com\/w:1440\/h:1080\/q:mauto\/ig:avif\/https:\/\/www.aula95.me\/wp-content\/uploads\/2025\/12\/Joulukronikoita_2025_kansikuva_landscape-rotated.jpg 2048w, https:\/\/mlcacrgqmoso.i.optimole.com\/w:1140\/h:855\/q:mauto\/ig:avif\/https:\/\/www.aula95.me\/wp-content\/uploads\/2025\/12\/Joulukronikoita_2025_kansikuva_landscape-rotated.jpg 1140w\" \/><\/figure>\n","protected":false},"excerpt":{"rendered":"<p>Tervetuloa Yl\u00e4kaupungin y\u00f6n keikalleni pe 15.5.2026 klo 16 Jyv\u00e4skyl\u00e4n Vanhaan Pappilaan! L\u00e4mpim\u00e4sti tervetuloa keikalleni &#8221;Inna Lisko &#8211; Viel\u00e4k\u00f6 joskus riit\u00e4n&#8221; Yl\u00e4kaupungin y\u00f6h\u00f6n pe 15.5. klo 16 Jyv\u00e4skyl\u00e4n Vanhaan Pappilaan (Vapaudenkatu 26)!\u00a0\u2728 Inna Lisko &#8211; Viel\u00e4k\u00f6 joskus riit\u00e4n? T\u00e4m\u00e4 musiikkiesitys sukeltaa Inna Liskon omien suomen- ja englanninkielisten kappaleitten (pop\/jazz\/laulelma\/indie) \u00e4\u00e4relle. Monet kappaleista ovat kummunneet asiantuntijaty\u00f6st\u00e4 ja tutkimusty\u00f6st\u00e4, joka voi v\u00e4lill\u00e4 olla niin antoisaa, mutta v\u00e4lill\u00e4 niin raakaa. T\u00e4ll\u00e4 joskus kohtuuttomallakin maailmalla on runsaasti yhtym\u00e4kohtia my\u00f6s musiikkimaailman kanssa. Kappaleet luovat omakohtaisen tarinan, joka pit\u00e4\u00e4 sis\u00e4ll\u00e4\u00e4n niin pohjakosketuksia, korkealentoa kuin el\u00e4m\u00e4\u00e4 ja tutkimusta kaiken keskell\u00e4. Inna Lisko on raahelaisl\u00e4ht\u00f6inen, Jyv\u00e4skyl\u00e4\u00e4n kotiutunut tutkija ja laulaja-lauluntekij\u00e4. Omalla Aula 95 -sivustollaan (\u201dblogi &amp; lava\u201d) Lisko yhdist\u00e4\u00e4 taustaansa musiikin ja vanhenemistutkimuksen \u00e4\u00e4rell\u00e4 (https:\/\/www.aula95.me\/). Liskon omista kappaleista toistaiseksi yksi on julkisesti saatavilla (https:\/\/soundcloud.com\/inna-lisko). Tavoitteena Liskolla onkin p\u00e4\u00e4st\u00e4 julkaisemaan lis\u00e4\u00e4 kappaleitaan, ja yhteisty\u00f6ehdotukset niin soittajien kuin musiikintuottajien kanssa Lisko ottaa ilolla vastaan! Yhteytt\u00e4 voi ottaa tai vinkki\u00e4 antaa hihasta nyk\u00e4isem\u00e4ll\u00e4, viestill\u00e4 (Instagram: @inna.lisko; Messenger: Inna Lisko) tai s\u00e4hk\u00f6postitse (inna.lisko@gmail.com). Piano ja laulu, Inna Lisko Joulukronikoita 2025 Niin on vuosi taas vier\u00e4ht\u00e4nyt siihen vaiheeseen, ett\u00e4 on aika laskeutua joulutunnelmaan. Vuosi on ollut hyvin antoisa, mutta my\u00f6s hyvin kiireinen. Uutta vuotta kohden menness\u00e4 mieless\u00e4 on vankistunut, ett\u00e4 kiireist\u00e4 huolimatta haluan edist\u00e4\u00e4 my\u00f6s musiikkitouhujani ja olla aktiivisempi t\u00e4m\u00e4n Aula 95 -sivuni kanssa. On t\u00e4m\u00e4 silti aikamoista. Vaikka miten on tehnyt pitk\u00e4\u00e4 p\u00e4iv\u00e4\u00e4 ja saanut asioita tehokkaasti tehty\u00e4 ja hoidettua, niin silti tiettyjen linssien l\u00e4pi tarkasteltuna paistaa ep\u00e4onnistuminen. Se on tietysti raastavaa, mutta lienee viisaampaa, ettei liiaksi murehdi menneit\u00e4. M\u00e4\u00e4r\u00e4tietoisesti l\u00e4hden siis taklaamaan tulevana vuonna odottamaan j\u00e4\u00e4neit\u00e4 puhteita! Loppuvuoden kiireiden lomassa syntyi ajatus, ett\u00e4 voisin koettaa saada aikaiseksi pieni\u00e4 jouluun liittyvi\u00e4 tarinoita tai pohdintoja, joiden kylki\u00e4isiksi laittaisin oman esitysvideon jostain jouluun liittyv\u00e4st\u00e4 musiikkikappaleesta. Joulukalenteriin aika ei olisi miss\u00e4\u00e4n muodossa taipunut, mutta sitten tuli mieleen, ett\u00e4 voisin kirjoittaa muutamia \u201dJoulukronikoita\u201d. Katsotaan, montako saan askarreltua loppiaiseen menness\u00e4 kasaan! Turussa 22.12.2025, Inna Lisko<\/p>\n","protected":false},"author":1,"featured_media":808,"parent":28,"menu_order":0,"comment_status":"closed","ping_status":"closed","template":"","meta":{"_uag_custom_page_level_css":"","footnotes":""},"class_list":["post-741","page","type-page","status-publish","has-post-thumbnail","hentry"],"yoast_head":"<!-- This site is optimized with the Yoast SEO plugin v25.6 - https:\/\/yoast.com\/wordpress\/plugins\/seo\/ -->\n<title>Ajankohtaista - Aula 95<\/title>\n<meta name=\"description\" content=\"Tervetuloa Yl\u00e4kaupungin y\u00f6n keikalleni &quot;Inna Lisko - Viel\u00e4k\u00f6 joskus riit\u00e4n?&quot; pe 15.5.2026 klo 16 Jyv\u00e4skyl\u00e4n Vanhaan Pappilaan!\" \/>\n<meta name=\"robots\" content=\"index, follow, max-snippet:-1, max-image-preview:large, max-video-preview:-1\" \/>\n<link rel=\"canonical\" href=\"https:\/\/www.aula95.me\/?page_id=741\" \/>\n<meta property=\"og:locale\" content=\"fi_FI\" \/>\n<meta property=\"og:type\" content=\"article\" \/>\n<meta property=\"og:title\" content=\"Ajankohtaista - Aula 95\" \/>\n<meta property=\"og:description\" content=\"Tervetuloa Yl\u00e4kaupungin y\u00f6n keikalleni &quot;Inna Lisko - Viel\u00e4k\u00f6 joskus riit\u00e4n?&quot; pe 15.5.2026 klo 16 Jyv\u00e4skyl\u00e4n Vanhaan Pappilaan!\" \/>\n<meta property=\"og:url\" content=\"https:\/\/www.aula95.me\/?page_id=741\" \/>\n<meta property=\"og:site_name\" content=\"Aula 95\" \/>\n<meta property=\"article:modified_time\" content=\"2026-04-29T11:29:57+00:00\" \/>\n<meta property=\"og:image\" content=\"https:\/\/mlcacrgqmoso.i.optimole.com\/w:auto\/h:auto\/q:mauto\/ig:avif\/http:\/\/www.aula95.me\/wp-content\/uploads\/2026\/04\/Inna_Lisko_promokuva_kuvaaja_Antti_Korhonen-scaled.jpg\" \/>\n\t<meta property=\"og:image:width\" content=\"2560\" \/>\n\t<meta property=\"og:image:height\" content=\"1446\" \/>\n\t<meta property=\"og:image:type\" content=\"image\/jpeg\" \/>\n<meta name=\"twitter:card\" content=\"summary_large_image\" \/>\n<meta name=\"twitter:label1\" content=\"Arvioitu lukuaika\" \/>\n\t<meta name=\"twitter:data1\" content=\"3 minuuttia\" \/>\n<script type=\"application\/ld+json\" class=\"yoast-schema-graph\">{\"@context\":\"https:\/\/schema.org\",\"@graph\":[{\"@type\":\"WebPage\",\"@id\":\"https:\/\/www.aula95.me\/?page_id=741\",\"url\":\"https:\/\/www.aula95.me\/?page_id=741\",\"name\":\"Ajankohtaista - Aula 95\",\"isPartOf\":{\"@id\":\"https:\/\/www.aula95.me\/#website\"},\"primaryImageOfPage\":{\"@id\":\"https:\/\/www.aula95.me\/?page_id=741#primaryimage\"},\"image\":{\"@id\":\"https:\/\/www.aula95.me\/?page_id=741#primaryimage\"},\"thumbnailUrl\":\"https:\/\/mlcacrgqmoso.i.optimole.com\/w:auto\/h:auto\/q:mauto\/ig:avif\/https:\/\/www.aula95.me\/wp-content\/uploads\/2026\/04\/Inna_Lisko_promokuva_kuvaaja_Antti_Korhonen-scaled.jpg\",\"datePublished\":\"2025-12-22T18:10:00+00:00\",\"dateModified\":\"2026-04-29T11:29:57+00:00\",\"description\":\"Tervetuloa Yl\u00e4kaupungin y\u00f6n keikalleni \\\"Inna Lisko - Viel\u00e4k\u00f6 joskus riit\u00e4n?\\\" pe 15.5.2026 klo 16 Jyv\u00e4skyl\u00e4n Vanhaan Pappilaan!\",\"breadcrumb\":{\"@id\":\"https:\/\/www.aula95.me\/?page_id=741#breadcrumb\"},\"inLanguage\":\"fi\",\"potentialAction\":[{\"@type\":\"ReadAction\",\"target\":[\"https:\/\/www.aula95.me\/?page_id=741\"]}]},{\"@type\":\"ImageObject\",\"inLanguage\":\"fi\",\"@id\":\"https:\/\/www.aula95.me\/?page_id=741#primaryimage\",\"url\":\"https:\/\/mlcacrgqmoso.i.optimole.com\/w:auto\/h:auto\/q:mauto\/ig:avif\/https:\/\/www.aula95.me\/wp-content\/uploads\/2026\/04\/Inna_Lisko_promokuva_kuvaaja_Antti_Korhonen-scaled.jpg\",\"contentUrl\":\"https:\/\/mlcacrgqmoso.i.optimole.com\/w:auto\/h:auto\/q:mauto\/ig:avif\/https:\/\/www.aula95.me\/wp-content\/uploads\/2026\/04\/Inna_Lisko_promokuva_kuvaaja_Antti_Korhonen-scaled.jpg\",\"width\":2560,\"height\":1446},{\"@type\":\"BreadcrumbList\",\"@id\":\"https:\/\/www.aula95.me\/?page_id=741#breadcrumb\",\"itemListElement\":[{\"@type\":\"ListItem\",\"position\":1,\"name\":\"Etusivu\",\"item\":\"https:\/\/www.aula95.me\/\"},{\"@type\":\"ListItem\",\"position\":2,\"name\":\"Aula 95 [aula ysivi:s]\",\"item\":\"https:\/\/www.aula95.me\/\"},{\"@type\":\"ListItem\",\"position\":3,\"name\":\"Ajankohtaista\"}]},{\"@type\":\"WebSite\",\"@id\":\"https:\/\/www.aula95.me\/#website\",\"url\":\"https:\/\/www.aula95.me\/\",\"name\":\"Aula 95\",\"description\":\"Blogi &amp; lava\",\"publisher\":{\"@id\":\"https:\/\/www.aula95.me\/#organization\"},\"potentialAction\":[{\"@type\":\"SearchAction\",\"target\":{\"@type\":\"EntryPoint\",\"urlTemplate\":\"https:\/\/www.aula95.me\/?s={search_term_string}\"},\"query-input\":{\"@type\":\"PropertyValueSpecification\",\"valueRequired\":true,\"valueName\":\"search_term_string\"}}],\"inLanguage\":\"fi\"},{\"@type\":\"Organization\",\"@id\":\"https:\/\/www.aula95.me\/#organization\",\"name\":\"Aula 95\",\"url\":\"https:\/\/www.aula95.me\/\",\"logo\":{\"@type\":\"ImageObject\",\"inLanguage\":\"fi\",\"@id\":\"https:\/\/www.aula95.me\/#\/schema\/logo\/image\/\",\"url\":\"https:\/\/mlcacrgqmoso.i.optimole.com\/w:auto\/h:auto\/q:mauto\/ig:avif\/https:\/\/www.aula95.me\/wp-content\/uploads\/2022\/03\/Aula-95-Logo-2022-03-27-1.png\",\"contentUrl\":\"https:\/\/mlcacrgqmoso.i.optimole.com\/w:auto\/h:auto\/q:mauto\/ig:avif\/https:\/\/www.aula95.me\/wp-content\/uploads\/2022\/03\/Aula-95-Logo-2022-03-27-1.png\",\"width\":290,\"height\":172,\"caption\":\"Aula 95\"},\"image\":{\"@id\":\"https:\/\/www.aula95.me\/#\/schema\/logo\/image\/\"}}]}<\/script>\n<!-- \/ Yoast SEO plugin. -->","yoast_head_json":{"title":"Ajankohtaista - Aula 95","description":"Tervetuloa Yl\u00e4kaupungin y\u00f6n keikalleni \"Inna Lisko - Viel\u00e4k\u00f6 joskus riit\u00e4n?\" pe 15.5.2026 klo 16 Jyv\u00e4skyl\u00e4n Vanhaan Pappilaan!","robots":{"index":"index","follow":"follow","max-snippet":"max-snippet:-1","max-image-preview":"max-image-preview:large","max-video-preview":"max-video-preview:-1"},"canonical":"https:\/\/www.aula95.me\/?page_id=741","og_locale":"fi_FI","og_type":"article","og_title":"Ajankohtaista - Aula 95","og_description":"Tervetuloa Yl\u00e4kaupungin y\u00f6n keikalleni \"Inna Lisko - Viel\u00e4k\u00f6 joskus riit\u00e4n?\" pe 15.5.2026 klo 16 Jyv\u00e4skyl\u00e4n Vanhaan Pappilaan!","og_url":"https:\/\/www.aula95.me\/?page_id=741","og_site_name":"Aula 95","article_modified_time":"2026-04-29T11:29:57+00:00","og_image":[{"width":2560,"height":1446,"url":"https:\/\/mlcacrgqmoso.i.optimole.com\/w:auto\/h:auto\/q:mauto\/ig:avif\/http:\/\/www.aula95.me\/wp-content\/uploads\/2026\/04\/Inna_Lisko_promokuva_kuvaaja_Antti_Korhonen-scaled.jpg","type":"image\/jpeg"}],"twitter_card":"summary_large_image","twitter_misc":{"Arvioitu lukuaika":"3 minuuttia"},"schema":{"@context":"https:\/\/schema.org","@graph":[{"@type":"WebPage","@id":"https:\/\/www.aula95.me\/?page_id=741","url":"https:\/\/www.aula95.me\/?page_id=741","name":"Ajankohtaista - Aula 95","isPartOf":{"@id":"https:\/\/www.aula95.me\/#website"},"primaryImageOfPage":{"@id":"https:\/\/www.aula95.me\/?page_id=741#primaryimage"},"image":{"@id":"https:\/\/www.aula95.me\/?page_id=741#primaryimage"},"thumbnailUrl":"https:\/\/mlcacrgqmoso.i.optimole.com\/w:auto\/h:auto\/q:mauto\/ig:avif\/https:\/\/www.aula95.me\/wp-content\/uploads\/2026\/04\/Inna_Lisko_promokuva_kuvaaja_Antti_Korhonen-scaled.jpg","datePublished":"2025-12-22T18:10:00+00:00","dateModified":"2026-04-29T11:29:57+00:00","description":"Tervetuloa Yl\u00e4kaupungin y\u00f6n keikalleni \"Inna Lisko - Viel\u00e4k\u00f6 joskus riit\u00e4n?\" pe 15.5.2026 klo 16 Jyv\u00e4skyl\u00e4n Vanhaan Pappilaan!","breadcrumb":{"@id":"https:\/\/www.aula95.me\/?page_id=741#breadcrumb"},"inLanguage":"fi","potentialAction":[{"@type":"ReadAction","target":["https:\/\/www.aula95.me\/?page_id=741"]}]},{"@type":"ImageObject","inLanguage":"fi","@id":"https:\/\/www.aula95.me\/?page_id=741#primaryimage","url":"https:\/\/mlcacrgqmoso.i.optimole.com\/w:auto\/h:auto\/q:mauto\/ig:avif\/https:\/\/www.aula95.me\/wp-content\/uploads\/2026\/04\/Inna_Lisko_promokuva_kuvaaja_Antti_Korhonen-scaled.jpg","contentUrl":"https:\/\/mlcacrgqmoso.i.optimole.com\/w:auto\/h:auto\/q:mauto\/ig:avif\/https:\/\/www.aula95.me\/wp-content\/uploads\/2026\/04\/Inna_Lisko_promokuva_kuvaaja_Antti_Korhonen-scaled.jpg","width":2560,"height":1446},{"@type":"BreadcrumbList","@id":"https:\/\/www.aula95.me\/?page_id=741#breadcrumb","itemListElement":[{"@type":"ListItem","position":1,"name":"Etusivu","item":"https:\/\/www.aula95.me\/"},{"@type":"ListItem","position":2,"name":"Aula 95 [aula ysivi:s]","item":"https:\/\/www.aula95.me\/"},{"@type":"ListItem","position":3,"name":"Ajankohtaista"}]},{"@type":"WebSite","@id":"https:\/\/www.aula95.me\/#website","url":"https:\/\/www.aula95.me\/","name":"Aula 95","description":"Blogi &amp; lava","publisher":{"@id":"https:\/\/www.aula95.me\/#organization"},"potentialAction":[{"@type":"SearchAction","target":{"@type":"EntryPoint","urlTemplate":"https:\/\/www.aula95.me\/?s={search_term_string}"},"query-input":{"@type":"PropertyValueSpecification","valueRequired":true,"valueName":"search_term_string"}}],"inLanguage":"fi"},{"@type":"Organization","@id":"https:\/\/www.aula95.me\/#organization","name":"Aula 95","url":"https:\/\/www.aula95.me\/","logo":{"@type":"ImageObject","inLanguage":"fi","@id":"https:\/\/www.aula95.me\/#\/schema\/logo\/image\/","url":"https:\/\/mlcacrgqmoso.i.optimole.com\/w:auto\/h:auto\/q:mauto\/ig:avif\/https:\/\/www.aula95.me\/wp-content\/uploads\/2022\/03\/Aula-95-Logo-2022-03-27-1.png","contentUrl":"https:\/\/mlcacrgqmoso.i.optimole.com\/w:auto\/h:auto\/q:mauto\/ig:avif\/https:\/\/www.aula95.me\/wp-content\/uploads\/2022\/03\/Aula-95-Logo-2022-03-27-1.png","width":290,"height":172,"caption":"Aula 95"},"image":{"@id":"https:\/\/www.aula95.me\/#\/schema\/logo\/image\/"}}]}},"uagb_featured_image_src":{"full":["https:\/\/mlcacrgqmoso.i.optimole.com\/w:auto\/h:auto\/q:mauto\/ig:avif\/https:\/\/www.aula95.me\/wp-content\/uploads\/2026\/04\/Inna_Lisko_promokuva_kuvaaja_Antti_Korhonen-scaled.jpg",2560,1446,false],"thumbnail":["https:\/\/mlcacrgqmoso.i.optimole.com\/w:150\/h:150\/q:mauto\/rt:fill\/g:ce\/ig:avif\/https:\/\/www.aula95.me\/wp-content\/uploads\/2026\/04\/Inna_Lisko_promokuva_kuvaaja_Antti_Korhonen.jpg",150,150,true],"medium":["https:\/\/mlcacrgqmoso.i.optimole.com\/w:300\/h:169\/q:mauto\/ig:avif\/https:\/\/www.aula95.me\/wp-content\/uploads\/2026\/04\/Inna_Lisko_promokuva_kuvaaja_Antti_Korhonen.jpg",300,169,true],"medium_large":["https:\/\/mlcacrgqmoso.i.optimole.com\/w:768\/h:434\/q:mauto\/ig:avif\/https:\/\/www.aula95.me\/wp-content\/uploads\/2026\/04\/Inna_Lisko_promokuva_kuvaaja_Antti_Korhonen.jpg",768,434,true],"large":["https:\/\/mlcacrgqmoso.i.optimole.com\/w:1024\/h:579\/q:mauto\/ig:avif\/https:\/\/www.aula95.me\/wp-content\/uploads\/2026\/04\/Inna_Lisko_promokuva_kuvaaja_Antti_Korhonen.jpg",960,543,true],"1536x1536":["https:\/\/mlcacrgqmoso.i.optimole.com\/w:1536\/h:868\/q:mauto\/ig:avif\/https:\/\/www.aula95.me\/wp-content\/uploads\/2026\/04\/Inna_Lisko_promokuva_kuvaaja_Antti_Korhonen.jpg",1536,868,true],"2048x2048":["https:\/\/mlcacrgqmoso.i.optimole.com\/w:1911\/h:1080\/q:mauto\/ig:avif\/https:\/\/www.aula95.me\/wp-content\/uploads\/2026\/04\/Inna_Lisko_promokuva_kuvaaja_Antti_Korhonen.jpg",2048,1157,true],"ashe-slider-grid-thumbnail":["https:\/\/mlcacrgqmoso.i.optimole.com\/w:1140\/h:540\/q:mauto\/rt:fill\/g:ce\/ig:avif\/https:\/\/www.aula95.me\/wp-content\/uploads\/2026\/04\/Inna_Lisko_promokuva_kuvaaja_Antti_Korhonen.jpg",1140,540,true],"ashe-full-thumbnail":["https:\/\/mlcacrgqmoso.i.optimole.com\/w:1140\/h:644\/q:mauto\/ig:avif\/https:\/\/www.aula95.me\/wp-content\/uploads\/2026\/04\/Inna_Lisko_promokuva_kuvaaja_Antti_Korhonen.jpg",1140,644,true],"ashe-grid-thumbnail":["https:\/\/mlcacrgqmoso.i.optimole.com\/w:500\/h:330\/q:mauto\/rt:fill\/g:ce\/ig:avif\/https:\/\/www.aula95.me\/wp-content\/uploads\/2026\/04\/Inna_Lisko_promokuva_kuvaaja_Antti_Korhonen.jpg",500,330,true],"ashe-list-thumbnail":["https:\/\/mlcacrgqmoso.i.optimole.com\/w:300\/h:300\/q:mauto\/rt:fill\/g:ce\/ig:avif\/https:\/\/www.aula95.me\/wp-content\/uploads\/2026\/04\/Inna_Lisko_promokuva_kuvaaja_Antti_Korhonen.jpg",300,300,true],"ashe-single-navigation":["https:\/\/mlcacrgqmoso.i.optimole.com\/w:75\/h:75\/q:mauto\/rt:fill\/g:ce\/ig:avif\/dpr:2\/https:\/\/www.aula95.me\/wp-content\/uploads\/2026\/04\/Inna_Lisko_promokuva_kuvaaja_Antti_Korhonen.jpg",75,75,true]},"uagb_author_info":{"display_name":"Inna","author_link":"https:\/\/www.aula95.me\/?author=1"},"uagb_comment_info":0,"uagb_excerpt":"Tervetuloa Yl\u00e4kaupungin y\u00f6n keikalleni pe 15.5.2026 klo 16 Jyv\u00e4skyl\u00e4n Vanhaan Pappilaan! L\u00e4mpim\u00e4sti tervetuloa keikalleni &#8221;Inna Lisko &#8211; Viel\u00e4k\u00f6 joskus riit\u00e4n&#8221; Yl\u00e4kaupungin y\u00f6h\u00f6n pe 15.5. klo 16 Jyv\u00e4skyl\u00e4n Vanhaan Pappilaan (Vapaudenkatu 26)!\u00a0\u2728 Inna Lisko &#8211; Viel\u00e4k\u00f6 joskus riit\u00e4n? T\u00e4m\u00e4 musiikkiesitys sukeltaa Inna Liskon omien suomen- ja englanninkielisten kappaleitten (pop\/jazz\/laulelma\/indie) \u00e4\u00e4relle. Monet kappaleista ovat kummunneet asiantuntijaty\u00f6st\u00e4 ja&hellip;","acf":[],"jetpack_sharing_enabled":true,"_links":{"self":[{"href":"https:\/\/www.aula95.me\/index.php?rest_route=\/wp\/v2\/pages\/741"}],"collection":[{"href":"https:\/\/www.aula95.me\/index.php?rest_route=\/wp\/v2\/pages"}],"about":[{"href":"https:\/\/www.aula95.me\/index.php?rest_route=\/wp\/v2\/types\/page"}],"author":[{"embeddable":true,"href":"https:\/\/www.aula95.me\/index.php?rest_route=\/wp\/v2\/users\/1"}],"replies":[{"embeddable":true,"href":"https:\/\/www.aula95.me\/index.php?rest_route=%2Fwp%2Fv2%2Fcomments&post=741"}],"version-history":[{"count":7,"href":"https:\/\/www.aula95.me\/index.php?rest_route=\/wp\/v2\/pages\/741\/revisions"}],"predecessor-version":[{"id":809,"href":"https:\/\/www.aula95.me\/index.php?rest_route=\/wp\/v2\/pages\/741\/revisions\/809"}],"up":[{"embeddable":true,"href":"https:\/\/www.aula95.me\/index.php?rest_route=\/wp\/v2\/pages\/28"}],"wp:featuredmedia":[{"embeddable":true,"href":"https:\/\/www.aula95.me\/index.php?rest_route=\/wp\/v2\/media\/808"}],"wp:attachment":[{"href":"https:\/\/www.aula95.me\/index.php?rest_route=%2Fwp%2Fv2%2Fmedia&parent=741"}],"curies":[{"name":"wp","href":"https:\/\/api.w.org\/{rel}","templated":true}]}}